{"id":12942,"date":"2026-02-12T13:00:10","date_gmt":"2026-02-12T12:00:10","guid":{"rendered":"https:\/\/costablancamusicgroups.com\/events\/canciones-para-una-tarde-de-primavera\/"},"modified":"2026-04-05T10:33:13","modified_gmt":"2026-04-05T08:33:13","slug":"canciones-para-una-tarde-de-primavera","status":"publish","type":"product","link":"https:\/\/costablancamusicgroups.com\/es\/events\/canciones-para-una-tarde-de-primavera\/","title":{"rendered":"Canciones para una tarde de primavera"},"content":{"rendered":"","protected":false},"excerpt":{"rendered":"<p class=\"mcePastedContent\">Ya est\u00e1n confirmadas dos actuaciones del concierto de primavera de Caprice: \u00abCanciones para una noche de primavera\u00bb, en las siguientes fechas y lugares:<\/p>\n<p class=\"mcePastedContent\">Domingo 22 de marzo de 2026, a las 17.00 horas, en <a href=\"https:\/\/www.facebook.com\/profile.php?id=100067011744960&amp;__cft__%5B0%5D=AZYrWl09vBhbcc6nI7oTuvhYfWScEkQzVvCS7ldE9XTK8S5FGnC9S07-xxjovlkDNS4KYewHQaYDixLpMvTrhFWI6W5HboaHVzUTBBmg2WxT8moaz_4TRfmGkw5DYul7hreLLqtzmcEwiqKsyDS4ay5_YqgLMC4SsIBnmlypy-Ds7HAdlbsLcA-bDazKYbz6mNE&amp;__tn__=-%5DK-R\"><strong>Iglesia de la Fustera<\/strong><\/a>Benissa, en apoyo a la Capellan\u00eda Anglicana de la Costa Blanca.<\/p>\n<p class=\"mcePastedContent\">Mi\u00e9rcoles 25 de marzo, 19.00 h, en el Centro Social de Jal\u00f3n, en apoyo a C\u00e1ritas de Jal\u00f3n.<\/p>\n<p class=\"mcePastedContent\">Como de costumbre, interpretar\u00e1n una mezcla de canciones, todas en armon\u00eda a tres voces, entre las que se incluyen favoritas como \u00abI don&#8217;t know how to love him\u00bb, \u00abAll that jazz\u00bb y \u00abTake my breath away\u00bb, junto con algunas canciones m\u00e1s modernas como \u00abFlowers\u00bb de Miley Cyrus, \u00abAlways remember us this way\u00bb de Lady Gaga y \u00abThis is me\u00bb de El gran showman.<\/p>\n<p class=\"mcePastedContent last-child\">Los donativos para ambos conciertos son de 12,50\u20ac, y puedes reservar tu plaza por mensaje de whatsapp al: 742 093 123, por correo electr\u00f3nico a: <a href=\"mailto:capriceladieschoir@gmail.com\">capriceladieschoir@gmail.com<\/a> o poni\u00e9ndote en contacto con los miembros del coro. Aseg\u00farate de no perderte ninguno de estos grandes acontecimientos.<\/p>\n","protected":false},"author":9,"featured_media":12944,"template":"","meta":{"ngg_post_thumbnail":0},"product_brand":[],"product_cat":[120],"product_tag":[],"class_list":{"0":"post-12942","1":"product","2":"type-product","3":"status-publish","4":"has-post-thumbnail","6":"product_cat-eventos-pasados","9":"instock","10":"shipping-taxable","11":"product-type-external"},"yoast_head":"<!-- This site is optimized with the Yoast SEO plugin v27.4 - https:\/\/yoast.com\/product\/yoast-seo-wordpress\/ -->\n<title>Canciones para una tarde de primavera | Amateur Music Group Association<\/title>\n<meta name=\"robots\" content=\"index, follow, max-snippet:-1, max-image-preview:large, max-video-preview:-1\" \/>\n<link rel=\"canonical\" href=\"https:\/\/costablancamusicgroups.com\/es\/events\/canciones-para-una-tarde-de-primavera\/\" \/>\n<meta property=\"og:locale\" content=\"es_ES\" \/>\n<meta property=\"og:type\" content=\"article\" \/>\n<meta property=\"og:title\" content=\"Canciones para una tarde de primavera | Amateur Music Group Association\" \/>\n<meta property=\"og:description\" content=\"Ya est\u00e1n confirmadas dos actuaciones del concierto de primavera de Caprice: &quot;Canciones para una noche de primavera&quot;, en las siguientes fechas y lugares: Domingo 22 de marzo de 2026, a las 17.00 horas, en Iglesia de la FusteraBenissa, en apoyo a la Capellan\u00eda Anglicana de la Costa Blanca. Mi\u00e9rcoles 25 de marzo, 19.00 h, en el Centro Social de Jal\u00f3n, en apoyo a C\u00e1ritas de Jal\u00f3n. Como de costumbre, interpretar\u00e1n una mezcla de canciones, todas en armon\u00eda a tres voces, entre las que se incluyen favoritas como &quot;I don&#039;t know how to love him&quot;, &quot;All that jazz&quot; y &quot;Take my breath away&quot;, junto con algunas canciones m\u00e1s modernas como &quot;Flowers&quot; de Miley Cyrus, &quot;Always remember us this way&quot; de Lady Gaga y &quot;This is me&quot; de El gran showman. Los donativos para ambos conciertos son de 12,50\u20ac, y puedes reservar tu plaza por mensaje de whatsapp al: 742 093 123, por correo electr\u00f3nico a: capriceladieschoir@gmail.com o poni\u00e9ndote en contacto con los miembros del coro. Aseg\u00farate de no perderte ninguno de estos grandes acontecimientos.\" \/>\n<meta property=\"og:url\" content=\"https:\/\/costablancamusicgroups.com\/es\/events\/canciones-para-una-tarde-de-primavera\/\" \/>\n<meta property=\"og:site_name\" content=\"Amateur Music Group Association\" \/>\n<meta property=\"article:publisher\" content=\"https:\/\/www.facebook.com\/CostaBlancaMaleVoiceChoir\/\" \/>\n<meta property=\"article:modified_time\" content=\"2026-04-05T08:33:13+00:00\" \/>\n<meta property=\"og:image\" content=\"https:\/\/costablancamusicgroups.com\/wp-content\/uploads\/2026\/02\/Caprice-Fustera-3.jpg\" \/>\n\t<meta property=\"og:image:width\" content=\"595\" \/>\n\t<meta property=\"og:image:height\" content=\"841\" \/>\n\t<meta property=\"og:image:type\" content=\"image\/jpeg\" \/>\n<meta name=\"twitter:card\" content=\"summary_large_image\" \/>\n<script type=\"application\/ld+json\" class=\"yoast-schema-graph\">{\"@context\":\"https:\\\/\\\/schema.org\",\"@graph\":[{\"@type\":\"WebPage\",\"@id\":\"https:\\\/\\\/costablancamusicgroups.com\\\/es\\\/events\\\/canciones-para-una-tarde-de-primavera\\\/\",\"url\":\"https:\\\/\\\/costablancamusicgroups.com\\\/es\\\/events\\\/canciones-para-una-tarde-de-primavera\\\/\",\"name\":\"Canciones para una tarde de primavera | Amateur Music Group Association\",\"isPartOf\":{\"@id\":\"https:\\\/\\\/costablancamusicgroups.com\\\/es\\\/#website\"},\"primaryImageOfPage\":{\"@id\":\"https:\\\/\\\/costablancamusicgroups.com\\\/es\\\/events\\\/canciones-para-una-tarde-de-primavera\\\/#primaryimage\"},\"image\":{\"@id\":\"https:\\\/\\\/costablancamusicgroups.com\\\/es\\\/events\\\/canciones-para-una-tarde-de-primavera\\\/#primaryimage\"},\"thumbnailUrl\":\"https:\\\/\\\/costablancamusicgroups.com\\\/wp-content\\\/uploads\\\/2026\\\/02\\\/Caprice-Fustera-3.jpg\",\"datePublished\":\"2026-02-12T12:00:10+00:00\",\"dateModified\":\"2026-04-05T08:33:13+00:00\",\"breadcrumb\":{\"@id\":\"https:\\\/\\\/costablancamusicgroups.com\\\/es\\\/events\\\/canciones-para-una-tarde-de-primavera\\\/#breadcrumb\"},\"inLanguage\":\"es\",\"potentialAction\":[{\"@type\":\"ReadAction\",\"target\":[\"https:\\\/\\\/costablancamusicgroups.com\\\/es\\\/events\\\/canciones-para-una-tarde-de-primavera\\\/\"]}]},{\"@type\":\"ImageObject\",\"inLanguage\":\"es\",\"@id\":\"https:\\\/\\\/costablancamusicgroups.com\\\/es\\\/events\\\/canciones-para-una-tarde-de-primavera\\\/#primaryimage\",\"url\":\"https:\\\/\\\/costablancamusicgroups.com\\\/wp-content\\\/uploads\\\/2026\\\/02\\\/Caprice-Fustera-3.jpg\",\"contentUrl\":\"https:\\\/\\\/costablancamusicgroups.com\\\/wp-content\\\/uploads\\\/2026\\\/02\\\/Caprice-Fustera-3.jpg\",\"width\":595,\"height\":841},{\"@type\":\"BreadcrumbList\",\"@id\":\"https:\\\/\\\/costablancamusicgroups.com\\\/es\\\/events\\\/canciones-para-una-tarde-de-primavera\\\/#breadcrumb\",\"itemListElement\":[{\"@type\":\"ListItem\",\"position\":1,\"name\":\"Home\",\"item\":\"https:\\\/\\\/costablancamusicgroups.com\\\/es\\\/inicio\\\/\"},{\"@type\":\"ListItem\",\"position\":2,\"name\":\"Tienda\",\"item\":\"https:\\\/\\\/costablancamusicgroups.com\\\/es\\\/tienda\\\/\"},{\"@type\":\"ListItem\",\"position\":3,\"name\":\"Canciones para una tarde de primavera\"}]},{\"@type\":\"WebSite\",\"@id\":\"https:\\\/\\\/costablancamusicgroups.com\\\/es\\\/#website\",\"url\":\"https:\\\/\\\/costablancamusicgroups.com\\\/es\\\/\",\"name\":\"Amateur Music Group Association\",\"description\":\"Amateur Music Group Association\",\"publisher\":{\"@id\":\"https:\\\/\\\/costablancamusicgroups.com\\\/es\\\/#organization\"},\"potentialAction\":[{\"@type\":\"SearchAction\",\"target\":{\"@type\":\"EntryPoint\",\"urlTemplate\":\"https:\\\/\\\/costablancamusicgroups.com\\\/es\\\/?s={search_term_string}\"},\"query-input\":{\"@type\":\"PropertyValueSpecification\",\"valueRequired\":true,\"valueName\":\"search_term_string\"}}],\"inLanguage\":\"es\"},{\"@type\":\"Organization\",\"@id\":\"https:\\\/\\\/costablancamusicgroups.com\\\/es\\\/#organization\",\"name\":\"Costa Blanca Male Voice Choir\",\"url\":\"https:\\\/\\\/costablancamusicgroups.com\\\/es\\\/\",\"logo\":{\"@type\":\"ImageObject\",\"inLanguage\":\"es\",\"@id\":\"https:\\\/\\\/costablancamusicgroups.com\\\/es\\\/#\\\/schema\\\/logo\\\/image\\\/\",\"url\":\"https:\\\/\\\/costablancamusicgroups.com\\\/wp-content\\\/uploads\\\/2022\\\/03\\\/cropped-CBMVC-main-logo.png\",\"contentUrl\":\"https:\\\/\\\/costablancamusicgroups.com\\\/wp-content\\\/uploads\\\/2022\\\/03\\\/cropped-CBMVC-main-logo.png\",\"width\":512,\"height\":512,\"caption\":\"Costa Blanca Male Voice Choir\"},\"image\":{\"@id\":\"https:\\\/\\\/costablancamusicgroups.com\\\/es\\\/#\\\/schema\\\/logo\\\/image\\\/\"},\"sameAs\":[\"https:\\\/\\\/www.facebook.com\\\/CostaBlancaMaleVoiceChoir\\\/\",\"https:\\\/\\\/www.youtube.com\\\/channel\\\/UCMh5LZpNLPG1V4qYdMMr1Yw\"]}]}<\/script>\n<!-- \/ Yoast SEO plugin. -->","yoast_head_json":{"title":"Canciones para una tarde de primavera | Amateur Music Group Association","robots":{"index":"index","follow":"follow","max-snippet":"max-snippet:-1","max-image-preview":"max-image-preview:large","max-video-preview":"max-video-preview:-1"},"canonical":"https:\/\/costablancamusicgroups.com\/es\/events\/canciones-para-una-tarde-de-primavera\/","og_locale":"es_ES","og_type":"article","og_title":"Canciones para una tarde de primavera | Amateur Music Group Association","og_description":"Ya est\u00e1n confirmadas dos actuaciones del concierto de primavera de Caprice: \"Canciones para una noche de primavera\", en las siguientes fechas y lugares: Domingo 22 de marzo de 2026, a las 17.00 horas, en Iglesia de la FusteraBenissa, en apoyo a la Capellan\u00eda Anglicana de la Costa Blanca. Mi\u00e9rcoles 25 de marzo, 19.00 h, en el Centro Social de Jal\u00f3n, en apoyo a C\u00e1ritas de Jal\u00f3n. Como de costumbre, interpretar\u00e1n una mezcla de canciones, todas en armon\u00eda a tres voces, entre las que se incluyen favoritas como \"I don't know how to love him\", \"All that jazz\" y \"Take my breath away\", junto con algunas canciones m\u00e1s modernas como \"Flowers\" de Miley Cyrus, \"Always remember us this way\" de Lady Gaga y \"This is me\" de El gran showman. Los donativos para ambos conciertos son de 12,50\u20ac, y puedes reservar tu plaza por mensaje de whatsapp al: 742 093 123, por correo electr\u00f3nico a: capriceladieschoir@gmail.com o poni\u00e9ndote en contacto con los miembros del coro. Aseg\u00farate de no perderte ninguno de estos grandes acontecimientos.","og_url":"https:\/\/costablancamusicgroups.com\/es\/events\/canciones-para-una-tarde-de-primavera\/","og_site_name":"Amateur Music Group Association","article_publisher":"https:\/\/www.facebook.com\/CostaBlancaMaleVoiceChoir\/","article_modified_time":"2026-04-05T08:33:13+00:00","og_image":[{"width":595,"height":841,"url":"https:\/\/costablancamusicgroups.com\/wp-content\/uploads\/2026\/02\/Caprice-Fustera-3.jpg","type":"image\/jpeg"}],"twitter_card":"summary_large_image","schema":{"@context":"https:\/\/schema.org","@graph":[{"@type":"WebPage","@id":"https:\/\/costablancamusicgroups.com\/es\/events\/canciones-para-una-tarde-de-primavera\/","url":"https:\/\/costablancamusicgroups.com\/es\/events\/canciones-para-una-tarde-de-primavera\/","name":"Canciones para una tarde de primavera | Amateur Music Group Association","isPartOf":{"@id":"https:\/\/costablancamusicgroups.com\/es\/#website"},"primaryImageOfPage":{"@id":"https:\/\/costablancamusicgroups.com\/es\/events\/canciones-para-una-tarde-de-primavera\/#primaryimage"},"image":{"@id":"https:\/\/costablancamusicgroups.com\/es\/events\/canciones-para-una-tarde-de-primavera\/#primaryimage"},"thumbnailUrl":"https:\/\/costablancamusicgroups.com\/wp-content\/uploads\/2026\/02\/Caprice-Fustera-3.jpg","datePublished":"2026-02-12T12:00:10+00:00","dateModified":"2026-04-05T08:33:13+00:00","breadcrumb":{"@id":"https:\/\/costablancamusicgroups.com\/es\/events\/canciones-para-una-tarde-de-primavera\/#breadcrumb"},"inLanguage":"es","potentialAction":[{"@type":"ReadAction","target":["https:\/\/costablancamusicgroups.com\/es\/events\/canciones-para-una-tarde-de-primavera\/"]}]},{"@type":"ImageObject","inLanguage":"es","@id":"https:\/\/costablancamusicgroups.com\/es\/events\/canciones-para-una-tarde-de-primavera\/#primaryimage","url":"https:\/\/costablancamusicgroups.com\/wp-content\/uploads\/2026\/02\/Caprice-Fustera-3.jpg","contentUrl":"https:\/\/costablancamusicgroups.com\/wp-content\/uploads\/2026\/02\/Caprice-Fustera-3.jpg","width":595,"height":841},{"@type":"BreadcrumbList","@id":"https:\/\/costablancamusicgroups.com\/es\/events\/canciones-para-una-tarde-de-primavera\/#breadcrumb","itemListElement":[{"@type":"ListItem","position":1,"name":"Home","item":"https:\/\/costablancamusicgroups.com\/es\/inicio\/"},{"@type":"ListItem","position":2,"name":"Tienda","item":"https:\/\/costablancamusicgroups.com\/es\/tienda\/"},{"@type":"ListItem","position":3,"name":"Canciones para una tarde de primavera"}]},{"@type":"WebSite","@id":"https:\/\/costablancamusicgroups.com\/es\/#website","url":"https:\/\/costablancamusicgroups.com\/es\/","name":"Amateur Music Group Association","description":"Amateur Music Group Association","publisher":{"@id":"https:\/\/costablancamusicgroups.com\/es\/#organization"},"potentialAction":[{"@type":"SearchAction","target":{"@type":"EntryPoint","urlTemplate":"https:\/\/costablancamusicgroups.com\/es\/?s={search_term_string}"},"query-input":{"@type":"PropertyValueSpecification","valueRequired":true,"valueName":"search_term_string"}}],"inLanguage":"es"},{"@type":"Organization","@id":"https:\/\/costablancamusicgroups.com\/es\/#organization","name":"Costa Blanca Male Voice Choir","url":"https:\/\/costablancamusicgroups.com\/es\/","logo":{"@type":"ImageObject","inLanguage":"es","@id":"https:\/\/costablancamusicgroups.com\/es\/#\/schema\/logo\/image\/","url":"https:\/\/costablancamusicgroups.com\/wp-content\/uploads\/2022\/03\/cropped-CBMVC-main-logo.png","contentUrl":"https:\/\/costablancamusicgroups.com\/wp-content\/uploads\/2022\/03\/cropped-CBMVC-main-logo.png","width":512,"height":512,"caption":"Costa Blanca Male Voice Choir"},"image":{"@id":"https:\/\/costablancamusicgroups.com\/es\/#\/schema\/logo\/image\/"},"sameAs":["https:\/\/www.facebook.com\/CostaBlancaMaleVoiceChoir\/","https:\/\/www.youtube.com\/channel\/UCMh5LZpNLPG1V4qYdMMr1Yw"]}]}},"publishpress_future_action":{"enabled":false,"date":"2026-04-22 22:04:12","action":"category","newStatus":"draft","terms":[],"taxonomy":"product_brand","extraData":[]},"publishpress_future_workflow_manual_trigger":{"enabledWorkflows":[]},"_links":{"self":[{"href":"https:\/\/costablancamusicgroups.com\/es\/wp-json\/wp\/v2\/product\/12942","targetHints":{"allow":["GET"]}}],"collection":[{"href":"https:\/\/costablancamusicgroups.com\/es\/wp-json\/wp\/v2\/product"}],"about":[{"href":"https:\/\/costablancamusicgroups.com\/es\/wp-json\/wp\/v2\/types\/product"}],"author":[{"embeddable":true,"href":"https:\/\/costablancamusicgroups.com\/es\/wp-json\/wp\/v2\/users\/9"}],"wp:featuredmedia":[{"embeddable":true,"href":"https:\/\/costablancamusicgroups.com\/es\/wp-json\/wp\/v2\/media\/12944"}],"wp:attachment":[{"href":"https:\/\/costablancamusicgroups.com\/es\/wp-json\/wp\/v2\/media?parent=12942"}],"wp:term":[{"taxonomy":"product_brand","embeddable":true,"href":"https:\/\/costablancamusicgroups.com\/es\/wp-json\/wp\/v2\/product_brand?post=12942"},{"taxonomy":"product_cat","embeddable":true,"href":"https:\/\/costablancamusicgroups.com\/es\/wp-json\/wp\/v2\/product_cat?post=12942"},{"taxonomy":"product_tag","embeddable":true,"href":"https:\/\/costablancamusicgroups.com\/es\/wp-json\/wp\/v2\/product_tag?post=12942"}],"curies":[{"name":"wp","href":"https:\/\/api.w.org\/{rel}","templated":true}]}}