{"id":12930,"date":"2026-02-12T12:36:25","date_gmt":"2026-02-12T11:36:25","guid":{"rendered":"https:\/\/costablancamusicgroups.com\/events\/cantores-sanctis-diebus-concierto-2\/"},"modified":"2026-02-25T20:11:03","modified_gmt":"2026-02-25T19:11:03","slug":"cantores-sanctis-diebus-concierto-2","status":"publish","type":"product","link":"https:\/\/costablancamusicgroups.com\/es\/events\/cantores-sanctis-diebus-concierto-2\/","title":{"rendered":"Cantores Sanctis Diebus &#8211; Concierto"},"content":{"rendered":"","protected":false},"excerpt":{"rendered":"<p>CSD es un coro de c\u00e1mara de larga tradici\u00f3n con sede en Salisbury, Reino Unido, especializado en m\u00fasica renacentista, sobre todo inglesa y espa\u00f1ola, de compositores como Tallis, Byrd, Victoria y Guerrero. Llevan visitando la Costa Blanca desde 2010, dando conciertos en Xabia, Pedreguer, Vall de Laguar, Altea. Este mes de febrero ser\u00e1 la Gira n\u00ba 27. Cantan dos conciertos:<\/p>\n<p>Vie. <sup>D\u00eda 13<\/sup> a las 20.00 en la Bas\u00edlica de la Pur\u00edssima Xiqueta, Benissa<\/p>\n<p>S\u00e1b. <sup>14<\/sup> a las 17.00 en Nuestra Se\u00f1ora de Loreto, Puerto de Xabia<\/p>\n<p>En ambos la entrada es libre, con una recaudaci\u00f3n para C\u00e1ritas. El programa incluir\u00e1 m\u00fasica apropiada para San Valent\u00edn.<\/p>\n<p>El dom. <sup>El d\u00eda 15<\/sup> cantamos Misa a las 09.45 para la Capellan\u00eda Anglicana en la Ermita del Popul en la carretera Xabia-Jes\u00fas Pobre.<\/p>\n<p class=\"last-child\">El coro est\u00e1 dirigido por Nicholas Hale.<\/p>\n","protected":false},"author":9,"featured_media":12929,"template":"","meta":{"ngg_post_thumbnail":0},"product_brand":[],"product_cat":[120],"product_tag":[],"class_list":{"0":"post-12930","1":"product","2":"type-product","3":"status-publish","4":"has-post-thumbnail","6":"product_cat-eventos-pasados","9":"instock","10":"shipping-taxable","11":"product-type-external"},"yoast_head":"<!-- This site is optimized with the Yoast SEO plugin v27.4 - https:\/\/yoast.com\/product\/yoast-seo-wordpress\/ -->\n<title>Cantores Sanctis Diebus - Concierto | Amateur Music Group Association<\/title>\n<meta name=\"robots\" content=\"index, follow, max-snippet:-1, max-image-preview:large, max-video-preview:-1\" \/>\n<link rel=\"canonical\" href=\"https:\/\/costablancamusicgroups.com\/es\/events\/cantores-sanctis-diebus-concierto-2\/\" \/>\n<meta property=\"og:locale\" content=\"es_ES\" \/>\n<meta property=\"og:type\" content=\"article\" \/>\n<meta property=\"og:title\" content=\"Cantores Sanctis Diebus - Concierto | Amateur Music Group Association\" \/>\n<meta property=\"og:description\" content=\"CSD es un coro de c\u00e1mara de larga tradici\u00f3n con sede en Salisbury, Reino Unido, especializado en m\u00fasica renacentista, sobre todo inglesa y espa\u00f1ola, de compositores como Tallis, Byrd, Victoria y Guerrero. Llevan visitando la Costa Blanca desde 2010, dando conciertos en Xabia, Pedreguer, Vall de Laguar, Altea. Este mes de febrero ser\u00e1 la Gira n\u00ba 27. Cantan dos conciertos: Vie. D\u00eda 13 a las 20.00 en la Bas\u00edlica de la Pur\u00edssima Xiqueta, Benissa S\u00e1b. 14 a las 17.00 en Nuestra Se\u00f1ora de Loreto, Puerto de Xabia En ambos la entrada es libre, con una recaudaci\u00f3n para C\u00e1ritas. El programa incluir\u00e1 m\u00fasica apropiada para San Valent\u00edn. El dom. El d\u00eda 15 cantamos Misa a las 09.45 para la Capellan\u00eda Anglicana en la Ermita del Popul en la carretera Xabia-Jes\u00fas Pobre. El coro est\u00e1 dirigido por Nicholas Hale.\" \/>\n<meta property=\"og:url\" content=\"https:\/\/costablancamusicgroups.com\/es\/events\/cantores-sanctis-diebus-concierto-2\/\" \/>\n<meta property=\"og:site_name\" content=\"Amateur Music Group Association\" \/>\n<meta property=\"article:publisher\" content=\"https:\/\/www.facebook.com\/CostaBlancaMaleVoiceChoir\/\" \/>\n<meta property=\"article:modified_time\" content=\"2026-02-25T19:11:03+00:00\" \/>\n<meta property=\"og:image\" content=\"https:\/\/costablancamusicgroups.com\/wp-content\/uploads\/2026\/02\/Cartel-blue-Eng-scaled.jpeg\" \/>\n\t<meta property=\"og:image:width\" content=\"1004\" \/>\n\t<meta property=\"og:image:height\" content=\"1420\" \/>\n\t<meta property=\"og:image:type\" content=\"image\/jpeg\" \/>\n<meta name=\"twitter:card\" content=\"summary_large_image\" \/>\n<script type=\"application\/ld+json\" class=\"yoast-schema-graph\">{\"@context\":\"https:\\\/\\\/schema.org\",\"@graph\":[{\"@type\":\"WebPage\",\"@id\":\"https:\\\/\\\/costablancamusicgroups.com\\\/es\\\/events\\\/cantores-sanctis-diebus-concierto-2\\\/\",\"url\":\"https:\\\/\\\/costablancamusicgroups.com\\\/es\\\/events\\\/cantores-sanctis-diebus-concierto-2\\\/\",\"name\":\"Cantores Sanctis Diebus - Concierto | Amateur Music Group Association\",\"isPartOf\":{\"@id\":\"https:\\\/\\\/costablancamusicgroups.com\\\/es\\\/#website\"},\"primaryImageOfPage\":{\"@id\":\"https:\\\/\\\/costablancamusicgroups.com\\\/es\\\/events\\\/cantores-sanctis-diebus-concierto-2\\\/#primaryimage\"},\"image\":{\"@id\":\"https:\\\/\\\/costablancamusicgroups.com\\\/es\\\/events\\\/cantores-sanctis-diebus-concierto-2\\\/#primaryimage\"},\"thumbnailUrl\":\"https:\\\/\\\/costablancamusicgroups.com\\\/wp-content\\\/uploads\\\/2026\\\/02\\\/Cartel-blue-Eng-scaled.jpeg\",\"datePublished\":\"2026-02-12T11:36:25+00:00\",\"dateModified\":\"2026-02-25T19:11:03+00:00\",\"breadcrumb\":{\"@id\":\"https:\\\/\\\/costablancamusicgroups.com\\\/es\\\/events\\\/cantores-sanctis-diebus-concierto-2\\\/#breadcrumb\"},\"inLanguage\":\"es\",\"potentialAction\":[{\"@type\":\"ReadAction\",\"target\":[\"https:\\\/\\\/costablancamusicgroups.com\\\/es\\\/events\\\/cantores-sanctis-diebus-concierto-2\\\/\"]}]},{\"@type\":\"ImageObject\",\"inLanguage\":\"es\",\"@id\":\"https:\\\/\\\/costablancamusicgroups.com\\\/es\\\/events\\\/cantores-sanctis-diebus-concierto-2\\\/#primaryimage\",\"url\":\"https:\\\/\\\/costablancamusicgroups.com\\\/wp-content\\\/uploads\\\/2026\\\/02\\\/Cartel-blue-Eng-scaled.jpeg\",\"contentUrl\":\"https:\\\/\\\/costablancamusicgroups.com\\\/wp-content\\\/uploads\\\/2026\\\/02\\\/Cartel-blue-Eng-scaled.jpeg\",\"width\":1004,\"height\":1420},{\"@type\":\"BreadcrumbList\",\"@id\":\"https:\\\/\\\/costablancamusicgroups.com\\\/es\\\/events\\\/cantores-sanctis-diebus-concierto-2\\\/#breadcrumb\",\"itemListElement\":[{\"@type\":\"ListItem\",\"position\":1,\"name\":\"Home\",\"item\":\"https:\\\/\\\/costablancamusicgroups.com\\\/es\\\/inicio\\\/\"},{\"@type\":\"ListItem\",\"position\":2,\"name\":\"Tienda\",\"item\":\"https:\\\/\\\/costablancamusicgroups.com\\\/es\\\/tienda\\\/\"},{\"@type\":\"ListItem\",\"position\":3,\"name\":\"Cantores Sanctis Diebus &#8211; Concierto\"}]},{\"@type\":\"WebSite\",\"@id\":\"https:\\\/\\\/costablancamusicgroups.com\\\/es\\\/#website\",\"url\":\"https:\\\/\\\/costablancamusicgroups.com\\\/es\\\/\",\"name\":\"Amateur Music Group Association\",\"description\":\"Amateur Music Group Association\",\"publisher\":{\"@id\":\"https:\\\/\\\/costablancamusicgroups.com\\\/es\\\/#organization\"},\"potentialAction\":[{\"@type\":\"SearchAction\",\"target\":{\"@type\":\"EntryPoint\",\"urlTemplate\":\"https:\\\/\\\/costablancamusicgroups.com\\\/es\\\/?s={search_term_string}\"},\"query-input\":{\"@type\":\"PropertyValueSpecification\",\"valueRequired\":true,\"valueName\":\"search_term_string\"}}],\"inLanguage\":\"es\"},{\"@type\":\"Organization\",\"@id\":\"https:\\\/\\\/costablancamusicgroups.com\\\/es\\\/#organization\",\"name\":\"Costa Blanca Male Voice Choir\",\"url\":\"https:\\\/\\\/costablancamusicgroups.com\\\/es\\\/\",\"logo\":{\"@type\":\"ImageObject\",\"inLanguage\":\"es\",\"@id\":\"https:\\\/\\\/costablancamusicgroups.com\\\/es\\\/#\\\/schema\\\/logo\\\/image\\\/\",\"url\":\"https:\\\/\\\/costablancamusicgroups.com\\\/wp-content\\\/uploads\\\/2022\\\/03\\\/cropped-CBMVC-main-logo.png\",\"contentUrl\":\"https:\\\/\\\/costablancamusicgroups.com\\\/wp-content\\\/uploads\\\/2022\\\/03\\\/cropped-CBMVC-main-logo.png\",\"width\":512,\"height\":512,\"caption\":\"Costa Blanca Male Voice Choir\"},\"image\":{\"@id\":\"https:\\\/\\\/costablancamusicgroups.com\\\/es\\\/#\\\/schema\\\/logo\\\/image\\\/\"},\"sameAs\":[\"https:\\\/\\\/www.facebook.com\\\/CostaBlancaMaleVoiceChoir\\\/\",\"https:\\\/\\\/www.youtube.com\\\/channel\\\/UCMh5LZpNLPG1V4qYdMMr1Yw\"]}]}<\/script>\n<!-- \/ Yoast SEO plugin. -->","yoast_head_json":{"title":"Cantores Sanctis Diebus - Concierto | Amateur Music Group Association","robots":{"index":"index","follow":"follow","max-snippet":"max-snippet:-1","max-image-preview":"max-image-preview:large","max-video-preview":"max-video-preview:-1"},"canonical":"https:\/\/costablancamusicgroups.com\/es\/events\/cantores-sanctis-diebus-concierto-2\/","og_locale":"es_ES","og_type":"article","og_title":"Cantores Sanctis Diebus - Concierto | Amateur Music Group Association","og_description":"CSD es un coro de c\u00e1mara de larga tradici\u00f3n con sede en Salisbury, Reino Unido, especializado en m\u00fasica renacentista, sobre todo inglesa y espa\u00f1ola, de compositores como Tallis, Byrd, Victoria y Guerrero. Llevan visitando la Costa Blanca desde 2010, dando conciertos en Xabia, Pedreguer, Vall de Laguar, Altea. Este mes de febrero ser\u00e1 la Gira n\u00ba 27. Cantan dos conciertos: Vie. D\u00eda 13 a las 20.00 en la Bas\u00edlica de la Pur\u00edssima Xiqueta, Benissa S\u00e1b. 14 a las 17.00 en Nuestra Se\u00f1ora de Loreto, Puerto de Xabia En ambos la entrada es libre, con una recaudaci\u00f3n para C\u00e1ritas. El programa incluir\u00e1 m\u00fasica apropiada para San Valent\u00edn. El dom. El d\u00eda 15 cantamos Misa a las 09.45 para la Capellan\u00eda Anglicana en la Ermita del Popul en la carretera Xabia-Jes\u00fas Pobre. El coro est\u00e1 dirigido por Nicholas Hale.","og_url":"https:\/\/costablancamusicgroups.com\/es\/events\/cantores-sanctis-diebus-concierto-2\/","og_site_name":"Amateur Music Group Association","article_publisher":"https:\/\/www.facebook.com\/CostaBlancaMaleVoiceChoir\/","article_modified_time":"2026-02-25T19:11:03+00:00","og_image":[{"width":1004,"height":1420,"url":"https:\/\/costablancamusicgroups.com\/wp-content\/uploads\/2026\/02\/Cartel-blue-Eng-scaled.jpeg","type":"image\/jpeg"}],"twitter_card":"summary_large_image","schema":{"@context":"https:\/\/schema.org","@graph":[{"@type":"WebPage","@id":"https:\/\/costablancamusicgroups.com\/es\/events\/cantores-sanctis-diebus-concierto-2\/","url":"https:\/\/costablancamusicgroups.com\/es\/events\/cantores-sanctis-diebus-concierto-2\/","name":"Cantores Sanctis Diebus - Concierto | Amateur Music Group Association","isPartOf":{"@id":"https:\/\/costablancamusicgroups.com\/es\/#website"},"primaryImageOfPage":{"@id":"https:\/\/costablancamusicgroups.com\/es\/events\/cantores-sanctis-diebus-concierto-2\/#primaryimage"},"image":{"@id":"https:\/\/costablancamusicgroups.com\/es\/events\/cantores-sanctis-diebus-concierto-2\/#primaryimage"},"thumbnailUrl":"https:\/\/costablancamusicgroups.com\/wp-content\/uploads\/2026\/02\/Cartel-blue-Eng-scaled.jpeg","datePublished":"2026-02-12T11:36:25+00:00","dateModified":"2026-02-25T19:11:03+00:00","breadcrumb":{"@id":"https:\/\/costablancamusicgroups.com\/es\/events\/cantores-sanctis-diebus-concierto-2\/#breadcrumb"},"inLanguage":"es","potentialAction":[{"@type":"ReadAction","target":["https:\/\/costablancamusicgroups.com\/es\/events\/cantores-sanctis-diebus-concierto-2\/"]}]},{"@type":"ImageObject","inLanguage":"es","@id":"https:\/\/costablancamusicgroups.com\/es\/events\/cantores-sanctis-diebus-concierto-2\/#primaryimage","url":"https:\/\/costablancamusicgroups.com\/wp-content\/uploads\/2026\/02\/Cartel-blue-Eng-scaled.jpeg","contentUrl":"https:\/\/costablancamusicgroups.com\/wp-content\/uploads\/2026\/02\/Cartel-blue-Eng-scaled.jpeg","width":1004,"height":1420},{"@type":"BreadcrumbList","@id":"https:\/\/costablancamusicgroups.com\/es\/events\/cantores-sanctis-diebus-concierto-2\/#breadcrumb","itemListElement":[{"@type":"ListItem","position":1,"name":"Home","item":"https:\/\/costablancamusicgroups.com\/es\/inicio\/"},{"@type":"ListItem","position":2,"name":"Tienda","item":"https:\/\/costablancamusicgroups.com\/es\/tienda\/"},{"@type":"ListItem","position":3,"name":"Cantores Sanctis Diebus &#8211; Concierto"}]},{"@type":"WebSite","@id":"https:\/\/costablancamusicgroups.com\/es\/#website","url":"https:\/\/costablancamusicgroups.com\/es\/","name":"Amateur Music Group Association","description":"Amateur Music Group Association","publisher":{"@id":"https:\/\/costablancamusicgroups.com\/es\/#organization"},"potentialAction":[{"@type":"SearchAction","target":{"@type":"EntryPoint","urlTemplate":"https:\/\/costablancamusicgroups.com\/es\/?s={search_term_string}"},"query-input":{"@type":"PropertyValueSpecification","valueRequired":true,"valueName":"search_term_string"}}],"inLanguage":"es"},{"@type":"Organization","@id":"https:\/\/costablancamusicgroups.com\/es\/#organization","name":"Costa Blanca Male Voice Choir","url":"https:\/\/costablancamusicgroups.com\/es\/","logo":{"@type":"ImageObject","inLanguage":"es","@id":"https:\/\/costablancamusicgroups.com\/es\/#\/schema\/logo\/image\/","url":"https:\/\/costablancamusicgroups.com\/wp-content\/uploads\/2022\/03\/cropped-CBMVC-main-logo.png","contentUrl":"https:\/\/costablancamusicgroups.com\/wp-content\/uploads\/2022\/03\/cropped-CBMVC-main-logo.png","width":512,"height":512,"caption":"Costa Blanca Male Voice Choir"},"image":{"@id":"https:\/\/costablancamusicgroups.com\/es\/#\/schema\/logo\/image\/"},"sameAs":["https:\/\/www.facebook.com\/CostaBlancaMaleVoiceChoir\/","https:\/\/www.youtube.com\/channel\/UCMh5LZpNLPG1V4qYdMMr1Yw"]}]}},"publishpress_future_action":{"enabled":false,"date":"2026-04-23 05:29:20","action":"category","newStatus":"draft","terms":[],"taxonomy":"product_brand","extraData":[]},"publishpress_future_workflow_manual_trigger":{"enabledWorkflows":[]},"_links":{"self":[{"href":"https:\/\/costablancamusicgroups.com\/es\/wp-json\/wp\/v2\/product\/12930","targetHints":{"allow":["GET"]}}],"collection":[{"href":"https:\/\/costablancamusicgroups.com\/es\/wp-json\/wp\/v2\/product"}],"about":[{"href":"https:\/\/costablancamusicgroups.com\/es\/wp-json\/wp\/v2\/types\/product"}],"author":[{"embeddable":true,"href":"https:\/\/costablancamusicgroups.com\/es\/wp-json\/wp\/v2\/users\/9"}],"wp:featuredmedia":[{"embeddable":true,"href":"https:\/\/costablancamusicgroups.com\/es\/wp-json\/wp\/v2\/media\/12929"}],"wp:attachment":[{"href":"https:\/\/costablancamusicgroups.com\/es\/wp-json\/wp\/v2\/media?parent=12930"}],"wp:term":[{"taxonomy":"product_brand","embeddable":true,"href":"https:\/\/costablancamusicgroups.com\/es\/wp-json\/wp\/v2\/product_brand?post=12930"},{"taxonomy":"product_cat","embeddable":true,"href":"https:\/\/costablancamusicgroups.com\/es\/wp-json\/wp\/v2\/product_cat?post=12930"},{"taxonomy":"product_tag","embeddable":true,"href":"https:\/\/costablancamusicgroups.com\/es\/wp-json\/wp\/v2\/product_tag?post=12930"}],"curies":[{"name":"wp","href":"https:\/\/api.w.org\/{rel}","templated":true}]}}