{"id":12337,"date":"2025-07-16T18:31:07","date_gmt":"2025-07-16T16:31:07","guid":{"rendered":"https:\/\/costablancamusicgroups.com\/?post_type=product&#038;p=12337"},"modified":"2026-02-12T12:15:22","modified_gmt":"2026-02-12T11:15:22","slug":"sobrecarga-musical-2024-copy-2","status":"publish","type":"product","link":"https:\/\/costablancamusicgroups.com\/es\/events\/sobrecarga-musical-2024-copy-2\/","title":{"rendered":"Sobrecarga musical &#8211; 2026"},"content":{"rendered":"<p>Vuelve la sobrecarga coral<\/p>\n<p>Todos los Grupos Miembros de la Asociaci\u00f3n de Grupos de M\u00fasica Aficionados pueden ya solicitar su participaci\u00f3n en el evento de este a\u00f1o.<\/p>\n<p>Cada Grupo deber\u00e1 interpretar 3 \u00f3 4 piezas cortas y presentar su grupo al P\u00fablico en ingl\u00e9s y espa\u00f1ol.<\/p>\n<p>Todos los grupos se unir\u00e1n al final del concierto para interpretar The Heavens Are Telling de la Creaci\u00f3n de Haydn.<\/p>\n<p>Para presentar su candidatura, env\u00ede un correo electr\u00f3nico a info@costablancamusicgroups.com.<\/p>\n","protected":false},"excerpt":{"rendered":"<p><strong>Sobrecarga musical 26<\/strong><\/p>\n<p>Tras el aplazamiento del evento el pasado mes de octubre, se ha fijado una nueva fecha para Music Overload, el 31 de enero de 2026, y nos complace anunciar que el evento es ahora mayor de lo previsto inicialmente.<\/p>\n<p>El Music Overload de este a\u00f1o es otro acontecimiento emocionante con muchos grupos muy diversos de toda la Costa Blanca.<\/p>\n<p>Coro de Voces Masculinas de la Costa Blanca<br \/>\nThe International Choir<br \/>\nDapper Cadence<br \/>\nCoro de C\u00e1mara Contrapunctum (Vuelve despu\u00e9s de 2 a\u00f1os)<br \/>\nTema (Nuevo)<br \/>\n152.8 Chamber Choir<br \/>\nMontg\u00f3 Chorale<br \/>\nOrquesta del CAMX\u00e1bia&nbsp;<br \/>\nCoro LES Showstoppers<\/p>\n<p>Las entradas estar\u00e1n disponibles en la puerta, pero no se pueden garantizar, ya que el n\u00famero es limitado.<\/p>\n<p>El precio de la entrada constituye un donativo para sufragar los gastos del evento.<\/p>\n","protected":false},"author":9,"featured_media":12802,"template":"","meta":{"ngg_post_thumbnail":0},"product_brand":[],"product_cat":[120],"product_tag":[],"class_list":{"0":"post-12337","1":"product","2":"type-product","3":"status-publish","4":"has-post-thumbnail","6":"product_cat-eventos-pasados","9":"instock","10":"downloadable","11":"virtual","12":"product-type-simple"},"yoast_head":"<!-- This site is optimized with the Yoast SEO plugin v27.4 - https:\/\/yoast.com\/product\/yoast-seo-wordpress\/ -->\n<title>Sobrecarga musical - 2026 | Amateur Music Group Association<\/title>\n<meta name=\"robots\" content=\"index, follow, max-snippet:-1, max-image-preview:large, max-video-preview:-1\" \/>\n<link rel=\"canonical\" href=\"https:\/\/costablancamusicgroups.com\/es\/events\/sobrecarga-musical-2024-copy-2\/\" \/>\n<meta property=\"og:locale\" content=\"es_ES\" \/>\n<meta property=\"og:type\" content=\"article\" \/>\n<meta property=\"og:title\" content=\"Sobrecarga musical - 2026 | Amateur Music Group Association\" \/>\n<meta property=\"og:description\" content=\"Sobrecarga musical 26 Tras el aplazamiento del evento el pasado mes de octubre, se ha fijado una nueva fecha para Music Overload, el 31 de enero de 2026, y nos complace anunciar que el evento es ahora mayor de lo previsto inicialmente. El Music Overload de este a\u00f1o es otro acontecimiento emocionante con muchos grupos muy diversos de toda la Costa Blanca. Coro de Voces Masculinas de la Costa Blanca The International Choir Dapper Cadence Coro de C\u00e1mara Contrapunctum (Vuelve despu\u00e9s de 2 a\u00f1os) Tema (Nuevo) 152.8 Chamber Choir Montg\u00f3 Chorale Orquesta del CAMX\u00e1bia&nbsp; Coro LES Showstoppers Las entradas estar\u00e1n disponibles en la puerta, pero no se pueden garantizar, ya que el n\u00famero es limitado. El precio de la entrada constituye un donativo para sufragar los gastos del evento.\" \/>\n<meta property=\"og:url\" content=\"https:\/\/costablancamusicgroups.com\/es\/events\/sobrecarga-musical-2024-copy-2\/\" \/>\n<meta property=\"og:site_name\" content=\"Amateur Music Group Association\" \/>\n<meta property=\"article:publisher\" content=\"https:\/\/www.facebook.com\/CostaBlancaMaleVoiceChoir\/\" \/>\n<meta property=\"article:modified_time\" content=\"2026-02-12T11:15:22+00:00\" \/>\n<meta property=\"og:image\" content=\"https:\/\/costablancamusicgroups.com\/wp-content\/uploads\/2025\/07\/music-Overload-poster-26b-web.png\" \/>\n\t<meta property=\"og:image:width\" content=\"700\" \/>\n\t<meta property=\"og:image:height\" content=\"825\" \/>\n\t<meta property=\"og:image:type\" content=\"image\/png\" \/>\n<meta name=\"twitter:card\" content=\"summary_large_image\" \/>\n<script type=\"application\/ld+json\" class=\"yoast-schema-graph\">{\"@context\":\"https:\\\/\\\/schema.org\",\"@graph\":[{\"@type\":\"WebPage\",\"@id\":\"https:\\\/\\\/costablancamusicgroups.com\\\/es\\\/events\\\/sobrecarga-musical-2024-copy-2\\\/\",\"url\":\"https:\\\/\\\/costablancamusicgroups.com\\\/es\\\/events\\\/sobrecarga-musical-2024-copy-2\\\/\",\"name\":\"Sobrecarga musical - 2026 | Amateur Music Group Association\",\"isPartOf\":{\"@id\":\"https:\\\/\\\/costablancamusicgroups.com\\\/es\\\/#website\"},\"primaryImageOfPage\":{\"@id\":\"https:\\\/\\\/costablancamusicgroups.com\\\/es\\\/events\\\/sobrecarga-musical-2024-copy-2\\\/#primaryimage\"},\"image\":{\"@id\":\"https:\\\/\\\/costablancamusicgroups.com\\\/es\\\/events\\\/sobrecarga-musical-2024-copy-2\\\/#primaryimage\"},\"thumbnailUrl\":\"https:\\\/\\\/costablancamusicgroups.com\\\/wp-content\\\/uploads\\\/2025\\\/07\\\/music-Overload-poster-26b-web.png\",\"datePublished\":\"2025-07-16T16:31:07+00:00\",\"dateModified\":\"2026-02-12T11:15:22+00:00\",\"breadcrumb\":{\"@id\":\"https:\\\/\\\/costablancamusicgroups.com\\\/es\\\/events\\\/sobrecarga-musical-2024-copy-2\\\/#breadcrumb\"},\"inLanguage\":\"es\",\"potentialAction\":[{\"@type\":\"ReadAction\",\"target\":[\"https:\\\/\\\/costablancamusicgroups.com\\\/es\\\/events\\\/sobrecarga-musical-2024-copy-2\\\/\"]}]},{\"@type\":\"ImageObject\",\"inLanguage\":\"es\",\"@id\":\"https:\\\/\\\/costablancamusicgroups.com\\\/es\\\/events\\\/sobrecarga-musical-2024-copy-2\\\/#primaryimage\",\"url\":\"https:\\\/\\\/costablancamusicgroups.com\\\/wp-content\\\/uploads\\\/2025\\\/07\\\/music-Overload-poster-26b-web.png\",\"contentUrl\":\"https:\\\/\\\/costablancamusicgroups.com\\\/wp-content\\\/uploads\\\/2025\\\/07\\\/music-Overload-poster-26b-web.png\",\"width\":700,\"height\":825},{\"@type\":\"BreadcrumbList\",\"@id\":\"https:\\\/\\\/costablancamusicgroups.com\\\/es\\\/events\\\/sobrecarga-musical-2024-copy-2\\\/#breadcrumb\",\"itemListElement\":[{\"@type\":\"ListItem\",\"position\":1,\"name\":\"Home\",\"item\":\"https:\\\/\\\/costablancamusicgroups.com\\\/es\\\/inicio\\\/\"},{\"@type\":\"ListItem\",\"position\":2,\"name\":\"Tienda\",\"item\":\"https:\\\/\\\/costablancamusicgroups.com\\\/es\\\/tienda\\\/\"},{\"@type\":\"ListItem\",\"position\":3,\"name\":\"Sobrecarga musical &#8211; 2026\"}]},{\"@type\":\"WebSite\",\"@id\":\"https:\\\/\\\/costablancamusicgroups.com\\\/es\\\/#website\",\"url\":\"https:\\\/\\\/costablancamusicgroups.com\\\/es\\\/\",\"name\":\"Amateur Music Group Association\",\"description\":\"Amateur Music Group Association\",\"publisher\":{\"@id\":\"https:\\\/\\\/costablancamusicgroups.com\\\/es\\\/#organization\"},\"potentialAction\":[{\"@type\":\"SearchAction\",\"target\":{\"@type\":\"EntryPoint\",\"urlTemplate\":\"https:\\\/\\\/costablancamusicgroups.com\\\/es\\\/?s={search_term_string}\"},\"query-input\":{\"@type\":\"PropertyValueSpecification\",\"valueRequired\":true,\"valueName\":\"search_term_string\"}}],\"inLanguage\":\"es\"},{\"@type\":\"Organization\",\"@id\":\"https:\\\/\\\/costablancamusicgroups.com\\\/es\\\/#organization\",\"name\":\"Costa Blanca Male Voice Choir\",\"url\":\"https:\\\/\\\/costablancamusicgroups.com\\\/es\\\/\",\"logo\":{\"@type\":\"ImageObject\",\"inLanguage\":\"es\",\"@id\":\"https:\\\/\\\/costablancamusicgroups.com\\\/es\\\/#\\\/schema\\\/logo\\\/image\\\/\",\"url\":\"https:\\\/\\\/costablancamusicgroups.com\\\/wp-content\\\/uploads\\\/2022\\\/03\\\/cropped-CBMVC-main-logo.png\",\"contentUrl\":\"https:\\\/\\\/costablancamusicgroups.com\\\/wp-content\\\/uploads\\\/2022\\\/03\\\/cropped-CBMVC-main-logo.png\",\"width\":512,\"height\":512,\"caption\":\"Costa Blanca Male Voice Choir\"},\"image\":{\"@id\":\"https:\\\/\\\/costablancamusicgroups.com\\\/es\\\/#\\\/schema\\\/logo\\\/image\\\/\"},\"sameAs\":[\"https:\\\/\\\/www.facebook.com\\\/CostaBlancaMaleVoiceChoir\\\/\",\"https:\\\/\\\/www.youtube.com\\\/channel\\\/UCMh5LZpNLPG1V4qYdMMr1Yw\"]}]}<\/script>\n<!-- \/ Yoast SEO plugin. -->","yoast_head_json":{"title":"Sobrecarga musical - 2026 | Amateur Music Group Association","robots":{"index":"index","follow":"follow","max-snippet":"max-snippet:-1","max-image-preview":"max-image-preview:large","max-video-preview":"max-video-preview:-1"},"canonical":"https:\/\/costablancamusicgroups.com\/es\/events\/sobrecarga-musical-2024-copy-2\/","og_locale":"es_ES","og_type":"article","og_title":"Sobrecarga musical - 2026 | Amateur Music Group Association","og_description":"Sobrecarga musical 26 Tras el aplazamiento del evento el pasado mes de octubre, se ha fijado una nueva fecha para Music Overload, el 31 de enero de 2026, y nos complace anunciar que el evento es ahora mayor de lo previsto inicialmente. El Music Overload de este a\u00f1o es otro acontecimiento emocionante con muchos grupos muy diversos de toda la Costa Blanca. Coro de Voces Masculinas de la Costa Blanca The International Choir Dapper Cadence Coro de C\u00e1mara Contrapunctum (Vuelve despu\u00e9s de 2 a\u00f1os) Tema (Nuevo) 152.8 Chamber Choir Montg\u00f3 Chorale Orquesta del CAMX\u00e1bia&nbsp; Coro LES Showstoppers Las entradas estar\u00e1n disponibles en la puerta, pero no se pueden garantizar, ya que el n\u00famero es limitado. El precio de la entrada constituye un donativo para sufragar los gastos del evento.","og_url":"https:\/\/costablancamusicgroups.com\/es\/events\/sobrecarga-musical-2024-copy-2\/","og_site_name":"Amateur Music Group Association","article_publisher":"https:\/\/www.facebook.com\/CostaBlancaMaleVoiceChoir\/","article_modified_time":"2026-02-12T11:15:22+00:00","og_image":[{"width":700,"height":825,"url":"https:\/\/costablancamusicgroups.com\/wp-content\/uploads\/2025\/07\/music-Overload-poster-26b-web.png","type":"image\/png"}],"twitter_card":"summary_large_image","schema":{"@context":"https:\/\/schema.org","@graph":[{"@type":"WebPage","@id":"https:\/\/costablancamusicgroups.com\/es\/events\/sobrecarga-musical-2024-copy-2\/","url":"https:\/\/costablancamusicgroups.com\/es\/events\/sobrecarga-musical-2024-copy-2\/","name":"Sobrecarga musical - 2026 | Amateur Music Group Association","isPartOf":{"@id":"https:\/\/costablancamusicgroups.com\/es\/#website"},"primaryImageOfPage":{"@id":"https:\/\/costablancamusicgroups.com\/es\/events\/sobrecarga-musical-2024-copy-2\/#primaryimage"},"image":{"@id":"https:\/\/costablancamusicgroups.com\/es\/events\/sobrecarga-musical-2024-copy-2\/#primaryimage"},"thumbnailUrl":"https:\/\/costablancamusicgroups.com\/wp-content\/uploads\/2025\/07\/music-Overload-poster-26b-web.png","datePublished":"2025-07-16T16:31:07+00:00","dateModified":"2026-02-12T11:15:22+00:00","breadcrumb":{"@id":"https:\/\/costablancamusicgroups.com\/es\/events\/sobrecarga-musical-2024-copy-2\/#breadcrumb"},"inLanguage":"es","potentialAction":[{"@type":"ReadAction","target":["https:\/\/costablancamusicgroups.com\/es\/events\/sobrecarga-musical-2024-copy-2\/"]}]},{"@type":"ImageObject","inLanguage":"es","@id":"https:\/\/costablancamusicgroups.com\/es\/events\/sobrecarga-musical-2024-copy-2\/#primaryimage","url":"https:\/\/costablancamusicgroups.com\/wp-content\/uploads\/2025\/07\/music-Overload-poster-26b-web.png","contentUrl":"https:\/\/costablancamusicgroups.com\/wp-content\/uploads\/2025\/07\/music-Overload-poster-26b-web.png","width":700,"height":825},{"@type":"BreadcrumbList","@id":"https:\/\/costablancamusicgroups.com\/es\/events\/sobrecarga-musical-2024-copy-2\/#breadcrumb","itemListElement":[{"@type":"ListItem","position":1,"name":"Home","item":"https:\/\/costablancamusicgroups.com\/es\/inicio\/"},{"@type":"ListItem","position":2,"name":"Tienda","item":"https:\/\/costablancamusicgroups.com\/es\/tienda\/"},{"@type":"ListItem","position":3,"name":"Sobrecarga musical &#8211; 2026"}]},{"@type":"WebSite","@id":"https:\/\/costablancamusicgroups.com\/es\/#website","url":"https:\/\/costablancamusicgroups.com\/es\/","name":"Amateur Music Group Association","description":"Amateur Music Group Association","publisher":{"@id":"https:\/\/costablancamusicgroups.com\/es\/#organization"},"potentialAction":[{"@type":"SearchAction","target":{"@type":"EntryPoint","urlTemplate":"https:\/\/costablancamusicgroups.com\/es\/?s={search_term_string}"},"query-input":{"@type":"PropertyValueSpecification","valueRequired":true,"valueName":"search_term_string"}}],"inLanguage":"es"},{"@type":"Organization","@id":"https:\/\/costablancamusicgroups.com\/es\/#organization","name":"Costa Blanca Male Voice Choir","url":"https:\/\/costablancamusicgroups.com\/es\/","logo":{"@type":"ImageObject","inLanguage":"es","@id":"https:\/\/costablancamusicgroups.com\/es\/#\/schema\/logo\/image\/","url":"https:\/\/costablancamusicgroups.com\/wp-content\/uploads\/2022\/03\/cropped-CBMVC-main-logo.png","contentUrl":"https:\/\/costablancamusicgroups.com\/wp-content\/uploads\/2022\/03\/cropped-CBMVC-main-logo.png","width":512,"height":512,"caption":"Costa Blanca Male Voice Choir"},"image":{"@id":"https:\/\/costablancamusicgroups.com\/es\/#\/schema\/logo\/image\/"},"sameAs":["https:\/\/www.facebook.com\/CostaBlancaMaleVoiceChoir\/","https:\/\/www.youtube.com\/channel\/UCMh5LZpNLPG1V4qYdMMr1Yw"]}]}},"publishpress_future_action":{"enabled":false,"date":"2026-04-28 10:53:41","action":"category","newStatus":"draft","terms":[],"taxonomy":"product_brand","extraData":[]},"publishpress_future_workflow_manual_trigger":{"enabledWorkflows":[]},"_links":{"self":[{"href":"https:\/\/costablancamusicgroups.com\/es\/wp-json\/wp\/v2\/product\/12337","targetHints":{"allow":["GET"]}}],"collection":[{"href":"https:\/\/costablancamusicgroups.com\/es\/wp-json\/wp\/v2\/product"}],"about":[{"href":"https:\/\/costablancamusicgroups.com\/es\/wp-json\/wp\/v2\/types\/product"}],"author":[{"embeddable":true,"href":"https:\/\/costablancamusicgroups.com\/es\/wp-json\/wp\/v2\/users\/9"}],"wp:featuredmedia":[{"embeddable":true,"href":"https:\/\/costablancamusicgroups.com\/es\/wp-json\/wp\/v2\/media\/12802"}],"wp:attachment":[{"href":"https:\/\/costablancamusicgroups.com\/es\/wp-json\/wp\/v2\/media?parent=12337"}],"wp:term":[{"taxonomy":"product_brand","embeddable":true,"href":"https:\/\/costablancamusicgroups.com\/es\/wp-json\/wp\/v2\/product_brand?post=12337"},{"taxonomy":"product_cat","embeddable":true,"href":"https:\/\/costablancamusicgroups.com\/es\/wp-json\/wp\/v2\/product_cat?post=12337"},{"taxonomy":"product_tag","embeddable":true,"href":"https:\/\/costablancamusicgroups.com\/es\/wp-json\/wp\/v2\/product_tag?post=12337"}],"curies":[{"name":"wp","href":"https:\/\/api.w.org\/{rel}","templated":true}]}}