{"id":12179,"date":"2025-04-06T17:20:19","date_gmt":"2025-04-06T15:20:19","guid":{"rendered":"https:\/\/costablancamusicgroups.com\/?post_type=product&#038;p=12179"},"modified":"2025-09-02T12:14:41","modified_gmt":"2025-09-02T10:14:41","slug":"es-un-mundo-musical-copy-2","status":"publish","type":"product","link":"https:\/\/costablancamusicgroups.com\/es\/events\/es-un-mundo-musical-copy-2\/","title":{"rendered":"Concierto ben\u00e9fico de la Coral del Montg\u00f3"},"content":{"rendered":"","protected":false},"excerpt":{"rendered":"<p>Concierto Ben\u00e9fico de la Coral del Montg\u00f3<\/p>\n<p>Las obras incluyen:<\/p>\n<p>Requiem Rutter<\/p>\n<p>Larimosa Mozart<\/p>\n<p>Halleluja Cohen<\/p>\n<p>Skye Boat Song &#8211; Trad<\/p>\n<p>Colecta de jubilaci\u00f3n a beneficio de Caritas Denia<\/p>\n<p>&nbsp;<\/p>\n<p>&nbsp;<\/p>\n","protected":false},"author":9,"featured_media":12181,"template":"","meta":{"ngg_post_thumbnail":0},"product_brand":[],"product_cat":[120],"product_tag":[],"class_list":{"0":"post-12179","1":"product","2":"type-product","3":"status-publish","4":"has-post-thumbnail","6":"product_cat-eventos-pasados","9":"instock","10":"shipping-taxable","11":"product-type-external"},"yoast_head":"<!-- This site is optimized with the Yoast SEO plugin v27.5 - https:\/\/yoast.com\/product\/yoast-seo-wordpress\/ -->\n<title>Concierto ben\u00e9fico de la Coral del Montg\u00f3 | Amateur Music Group Association<\/title>\n<meta name=\"robots\" content=\"index, follow, max-snippet:-1, max-image-preview:large, max-video-preview:-1\" \/>\n<link rel=\"canonical\" href=\"https:\/\/costablancamusicgroups.com\/es\/events\/es-un-mundo-musical-copy-2\/\" \/>\n<meta property=\"og:locale\" content=\"es_ES\" \/>\n<meta property=\"og:type\" content=\"article\" \/>\n<meta property=\"og:title\" content=\"Concierto ben\u00e9fico de la Coral del Montg\u00f3 | Amateur Music Group Association\" \/>\n<meta property=\"og:description\" content=\"Concierto Ben\u00e9fico de la Coral del Montg\u00f3 Las obras incluyen: Requiem Rutter Larimosa Mozart Halleluja Cohen Skye Boat Song - Trad Colecta de jubilaci\u00f3n a beneficio de Caritas Denia &nbsp; &nbsp;\" \/>\n<meta property=\"og:url\" content=\"https:\/\/costablancamusicgroups.com\/es\/events\/es-un-mundo-musical-copy-2\/\" \/>\n<meta property=\"og:site_name\" content=\"Amateur Music Group Association\" \/>\n<meta property=\"article:publisher\" content=\"https:\/\/www.facebook.com\/CostaBlancaMaleVoiceChoir\/\" \/>\n<meta property=\"article:modified_time\" content=\"2025-09-02T10:14:41+00:00\" \/>\n<meta property=\"og:image\" content=\"https:\/\/costablancamusicgroups.com\/wp-content\/uploads\/2025\/04\/2025-DENIA-MAY-Poster-blue.png\" \/>\n\t<meta property=\"og:image:width\" content=\"841\" \/>\n\t<meta property=\"og:image:height\" content=\"595\" \/>\n\t<meta property=\"og:image:type\" content=\"image\/png\" \/>\n<meta name=\"twitter:card\" content=\"summary_large_image\" \/>\n<script type=\"application\/ld+json\" class=\"yoast-schema-graph\">{\"@context\":\"https:\\\/\\\/schema.org\",\"@graph\":[{\"@type\":\"WebPage\",\"@id\":\"https:\\\/\\\/costablancamusicgroups.com\\\/es\\\/events\\\/es-un-mundo-musical-copy-2\\\/\",\"url\":\"https:\\\/\\\/costablancamusicgroups.com\\\/es\\\/events\\\/es-un-mundo-musical-copy-2\\\/\",\"name\":\"Concierto ben\u00e9fico de la Coral del Montg\u00f3 | Amateur Music Group Association\",\"isPartOf\":{\"@id\":\"https:\\\/\\\/costablancamusicgroups.com\\\/es\\\/#website\"},\"primaryImageOfPage\":{\"@id\":\"https:\\\/\\\/costablancamusicgroups.com\\\/es\\\/events\\\/es-un-mundo-musical-copy-2\\\/#primaryimage\"},\"image\":{\"@id\":\"https:\\\/\\\/costablancamusicgroups.com\\\/es\\\/events\\\/es-un-mundo-musical-copy-2\\\/#primaryimage\"},\"thumbnailUrl\":\"https:\\\/\\\/costablancamusicgroups.com\\\/wp-content\\\/uploads\\\/2025\\\/04\\\/2025-DENIA-MAY-Poster-blue.png\",\"datePublished\":\"2025-04-06T15:20:19+00:00\",\"dateModified\":\"2025-09-02T10:14:41+00:00\",\"breadcrumb\":{\"@id\":\"https:\\\/\\\/costablancamusicgroups.com\\\/es\\\/events\\\/es-un-mundo-musical-copy-2\\\/#breadcrumb\"},\"inLanguage\":\"es\",\"potentialAction\":[{\"@type\":\"ReadAction\",\"target\":[\"https:\\\/\\\/costablancamusicgroups.com\\\/es\\\/events\\\/es-un-mundo-musical-copy-2\\\/\"]}]},{\"@type\":\"ImageObject\",\"inLanguage\":\"es\",\"@id\":\"https:\\\/\\\/costablancamusicgroups.com\\\/es\\\/events\\\/es-un-mundo-musical-copy-2\\\/#primaryimage\",\"url\":\"https:\\\/\\\/costablancamusicgroups.com\\\/wp-content\\\/uploads\\\/2025\\\/04\\\/2025-DENIA-MAY-Poster-blue.png\",\"contentUrl\":\"https:\\\/\\\/costablancamusicgroups.com\\\/wp-content\\\/uploads\\\/2025\\\/04\\\/2025-DENIA-MAY-Poster-blue.png\",\"width\":841,\"height\":595},{\"@type\":\"BreadcrumbList\",\"@id\":\"https:\\\/\\\/costablancamusicgroups.com\\\/es\\\/events\\\/es-un-mundo-musical-copy-2\\\/#breadcrumb\",\"itemListElement\":[{\"@type\":\"ListItem\",\"position\":1,\"name\":\"Home\",\"item\":\"https:\\\/\\\/costablancamusicgroups.com\\\/es\\\/inicio\\\/\"},{\"@type\":\"ListItem\",\"position\":2,\"name\":\"Tienda\",\"item\":\"https:\\\/\\\/costablancamusicgroups.com\\\/es\\\/tienda\\\/\"},{\"@type\":\"ListItem\",\"position\":3,\"name\":\"Concierto ben\u00e9fico de la Coral del Montg\u00f3\"}]},{\"@type\":\"WebSite\",\"@id\":\"https:\\\/\\\/costablancamusicgroups.com\\\/es\\\/#website\",\"url\":\"https:\\\/\\\/costablancamusicgroups.com\\\/es\\\/\",\"name\":\"Amateur Music Group Association\",\"description\":\"Amateur Music Group Association\",\"publisher\":{\"@id\":\"https:\\\/\\\/costablancamusicgroups.com\\\/es\\\/#organization\"},\"potentialAction\":[{\"@type\":\"SearchAction\",\"target\":{\"@type\":\"EntryPoint\",\"urlTemplate\":\"https:\\\/\\\/costablancamusicgroups.com\\\/es\\\/?s={search_term_string}\"},\"query-input\":{\"@type\":\"PropertyValueSpecification\",\"valueRequired\":true,\"valueName\":\"search_term_string\"}}],\"inLanguage\":\"es\"},{\"@type\":\"Organization\",\"@id\":\"https:\\\/\\\/costablancamusicgroups.com\\\/es\\\/#organization\",\"name\":\"Costa Blanca Male Voice Choir\",\"url\":\"https:\\\/\\\/costablancamusicgroups.com\\\/es\\\/\",\"logo\":{\"@type\":\"ImageObject\",\"inLanguage\":\"es\",\"@id\":\"https:\\\/\\\/costablancamusicgroups.com\\\/es\\\/#\\\/schema\\\/logo\\\/image\\\/\",\"url\":\"https:\\\/\\\/costablancamusicgroups.com\\\/wp-content\\\/uploads\\\/2022\\\/03\\\/cropped-CBMVC-main-logo.png\",\"contentUrl\":\"https:\\\/\\\/costablancamusicgroups.com\\\/wp-content\\\/uploads\\\/2022\\\/03\\\/cropped-CBMVC-main-logo.png\",\"width\":512,\"height\":512,\"caption\":\"Costa Blanca Male Voice Choir\"},\"image\":{\"@id\":\"https:\\\/\\\/costablancamusicgroups.com\\\/es\\\/#\\\/schema\\\/logo\\\/image\\\/\"},\"sameAs\":[\"https:\\\/\\\/www.facebook.com\\\/CostaBlancaMaleVoiceChoir\\\/\",\"https:\\\/\\\/www.youtube.com\\\/channel\\\/UCMh5LZpNLPG1V4qYdMMr1Yw\"]}]}<\/script>\n<!-- \/ Yoast SEO plugin. -->","yoast_head_json":{"title":"Concierto ben\u00e9fico de la Coral del Montg\u00f3 | Amateur Music Group Association","robots":{"index":"index","follow":"follow","max-snippet":"max-snippet:-1","max-image-preview":"max-image-preview:large","max-video-preview":"max-video-preview:-1"},"canonical":"https:\/\/costablancamusicgroups.com\/es\/events\/es-un-mundo-musical-copy-2\/","og_locale":"es_ES","og_type":"article","og_title":"Concierto ben\u00e9fico de la Coral del Montg\u00f3 | Amateur Music Group Association","og_description":"Concierto Ben\u00e9fico de la Coral del Montg\u00f3 Las obras incluyen: Requiem Rutter Larimosa Mozart Halleluja Cohen Skye Boat Song - Trad Colecta de jubilaci\u00f3n a beneficio de Caritas Denia &nbsp; &nbsp;","og_url":"https:\/\/costablancamusicgroups.com\/es\/events\/es-un-mundo-musical-copy-2\/","og_site_name":"Amateur Music Group Association","article_publisher":"https:\/\/www.facebook.com\/CostaBlancaMaleVoiceChoir\/","article_modified_time":"2025-09-02T10:14:41+00:00","og_image":[{"width":841,"height":595,"url":"https:\/\/costablancamusicgroups.com\/wp-content\/uploads\/2025\/04\/2025-DENIA-MAY-Poster-blue.png","type":"image\/png"}],"twitter_card":"summary_large_image","schema":{"@context":"https:\/\/schema.org","@graph":[{"@type":"WebPage","@id":"https:\/\/costablancamusicgroups.com\/es\/events\/es-un-mundo-musical-copy-2\/","url":"https:\/\/costablancamusicgroups.com\/es\/events\/es-un-mundo-musical-copy-2\/","name":"Concierto ben\u00e9fico de la Coral del Montg\u00f3 | Amateur Music Group Association","isPartOf":{"@id":"https:\/\/costablancamusicgroups.com\/es\/#website"},"primaryImageOfPage":{"@id":"https:\/\/costablancamusicgroups.com\/es\/events\/es-un-mundo-musical-copy-2\/#primaryimage"},"image":{"@id":"https:\/\/costablancamusicgroups.com\/es\/events\/es-un-mundo-musical-copy-2\/#primaryimage"},"thumbnailUrl":"https:\/\/costablancamusicgroups.com\/wp-content\/uploads\/2025\/04\/2025-DENIA-MAY-Poster-blue.png","datePublished":"2025-04-06T15:20:19+00:00","dateModified":"2025-09-02T10:14:41+00:00","breadcrumb":{"@id":"https:\/\/costablancamusicgroups.com\/es\/events\/es-un-mundo-musical-copy-2\/#breadcrumb"},"inLanguage":"es","potentialAction":[{"@type":"ReadAction","target":["https:\/\/costablancamusicgroups.com\/es\/events\/es-un-mundo-musical-copy-2\/"]}]},{"@type":"ImageObject","inLanguage":"es","@id":"https:\/\/costablancamusicgroups.com\/es\/events\/es-un-mundo-musical-copy-2\/#primaryimage","url":"https:\/\/costablancamusicgroups.com\/wp-content\/uploads\/2025\/04\/2025-DENIA-MAY-Poster-blue.png","contentUrl":"https:\/\/costablancamusicgroups.com\/wp-content\/uploads\/2025\/04\/2025-DENIA-MAY-Poster-blue.png","width":841,"height":595},{"@type":"BreadcrumbList","@id":"https:\/\/costablancamusicgroups.com\/es\/events\/es-un-mundo-musical-copy-2\/#breadcrumb","itemListElement":[{"@type":"ListItem","position":1,"name":"Home","item":"https:\/\/costablancamusicgroups.com\/es\/inicio\/"},{"@type":"ListItem","position":2,"name":"Tienda","item":"https:\/\/costablancamusicgroups.com\/es\/tienda\/"},{"@type":"ListItem","position":3,"name":"Concierto ben\u00e9fico de la Coral del Montg\u00f3"}]},{"@type":"WebSite","@id":"https:\/\/costablancamusicgroups.com\/es\/#website","url":"https:\/\/costablancamusicgroups.com\/es\/","name":"Amateur Music Group Association","description":"Amateur Music Group Association","publisher":{"@id":"https:\/\/costablancamusicgroups.com\/es\/#organization"},"potentialAction":[{"@type":"SearchAction","target":{"@type":"EntryPoint","urlTemplate":"https:\/\/costablancamusicgroups.com\/es\/?s={search_term_string}"},"query-input":{"@type":"PropertyValueSpecification","valueRequired":true,"valueName":"search_term_string"}}],"inLanguage":"es"},{"@type":"Organization","@id":"https:\/\/costablancamusicgroups.com\/es\/#organization","name":"Costa Blanca Male Voice Choir","url":"https:\/\/costablancamusicgroups.com\/es\/","logo":{"@type":"ImageObject","inLanguage":"es","@id":"https:\/\/costablancamusicgroups.com\/es\/#\/schema\/logo\/image\/","url":"https:\/\/costablancamusicgroups.com\/wp-content\/uploads\/2022\/03\/cropped-CBMVC-main-logo.png","contentUrl":"https:\/\/costablancamusicgroups.com\/wp-content\/uploads\/2022\/03\/cropped-CBMVC-main-logo.png","width":512,"height":512,"caption":"Costa Blanca Male Voice Choir"},"image":{"@id":"https:\/\/costablancamusicgroups.com\/es\/#\/schema\/logo\/image\/"},"sameAs":["https:\/\/www.facebook.com\/CostaBlancaMaleVoiceChoir\/","https:\/\/www.youtube.com\/channel\/UCMh5LZpNLPG1V4qYdMMr1Yw"]}]}},"publishpress_future_action":{"enabled":false,"date":"2026-05-08 19:59:58","action":"category","newStatus":"draft","terms":[],"taxonomy":"product_brand","extraData":[]},"publishpress_future_workflow_manual_trigger":{"enabledWorkflows":[]},"_links":{"self":[{"href":"https:\/\/costablancamusicgroups.com\/es\/wp-json\/wp\/v2\/product\/12179","targetHints":{"allow":["GET"]}}],"collection":[{"href":"https:\/\/costablancamusicgroups.com\/es\/wp-json\/wp\/v2\/product"}],"about":[{"href":"https:\/\/costablancamusicgroups.com\/es\/wp-json\/wp\/v2\/types\/product"}],"author":[{"embeddable":true,"href":"https:\/\/costablancamusicgroups.com\/es\/wp-json\/wp\/v2\/users\/9"}],"wp:featuredmedia":[{"embeddable":true,"href":"https:\/\/costablancamusicgroups.com\/es\/wp-json\/wp\/v2\/media\/12181"}],"wp:attachment":[{"href":"https:\/\/costablancamusicgroups.com\/es\/wp-json\/wp\/v2\/media?parent=12179"}],"wp:term":[{"taxonomy":"product_brand","embeddable":true,"href":"https:\/\/costablancamusicgroups.com\/es\/wp-json\/wp\/v2\/product_brand?post=12179"},{"taxonomy":"product_cat","embeddable":true,"href":"https:\/\/costablancamusicgroups.com\/es\/wp-json\/wp\/v2\/product_cat?post=12179"},{"taxonomy":"product_tag","embeddable":true,"href":"https:\/\/costablancamusicgroups.com\/es\/wp-json\/wp\/v2\/product_tag?post=12179"}],"curies":[{"name":"wp","href":"https:\/\/api.w.org\/{rel}","templated":true}]}}