{"id":12036,"date":"2025-01-05T12:24:12","date_gmt":"2025-01-05T11:24:12","guid":{"rendered":"https:\/\/costablancamusicgroups.com\/events\/concierto-espectaculo\/"},"modified":"2025-07-16T08:46:46","modified_gmt":"2025-07-16T06:46:46","slug":"concierto-espectaculo","status":"publish","type":"product","link":"https:\/\/costablancamusicgroups.com\/es\/events\/concierto-espectaculo\/","title":{"rendered":"Concierto-espect\u00e1culo"},"content":{"rendered":"","protected":false},"excerpt":{"rendered":"<p><strong>\u00a1Descubre el Talento de la Costa Blanca!<\/strong><\/p>\n<p>\u00danete a nosotros en <em>Showcase<\/em>, una velada especial en la que los alumnos del Presidente de nuestra Asociaci\u00f3n, John Oliver Edwards, interpretar\u00e1n algunas de sus piezas favoritas&#8230; \u00a1y quiz\u00e1 tambi\u00e9n alguna de las tuyas!<\/p>\n<p>El programa abarca una ecl\u00e9ctica mezcla de estilos, desde los cl\u00e1sicos intemporales de Haendel y Pergolesi hasta \u00e9xitos modernos de Lady Gaga y Bruno Mars. Podr\u00e1s escuchar desde arias de \u00f3pera hasta n\u00fameros de teatro musical.<\/p>\n<p>Nuestros artistas proceden de toda Europa, representando a pa\u00edses como Irlanda, Pa\u00edses Bajos, Inglaterra, Alemania, Escocia y Francia.<\/p>\n<p>No te pierdas esta maravillosa oportunidad de celebrar el talento local: \u00a1ven y muestra tu apoyo!<\/p>\n","protected":false},"author":9,"featured_media":12038,"template":"","meta":{"ngg_post_thumbnail":0},"product_brand":[],"product_cat":[120],"product_tag":[],"class_list":{"0":"post-12036","1":"product","2":"type-product","3":"status-publish","4":"has-post-thumbnail","6":"product_cat-eventos-pasados","9":"instock","10":"downloadable","11":"virtual","12":"product-type-simple"},"yoast_head":"<!-- This site is optimized with the Yoast SEO plugin v27.4 - https:\/\/yoast.com\/product\/yoast-seo-wordpress\/ -->\n<title>Concierto-espect\u00e1culo | Amateur Music Group Association<\/title>\n<meta name=\"robots\" content=\"index, follow, max-snippet:-1, max-image-preview:large, max-video-preview:-1\" \/>\n<link rel=\"canonical\" href=\"https:\/\/costablancamusicgroups.com\/es\/events\/concierto-espectaculo\/\" \/>\n<meta property=\"og:locale\" content=\"es_ES\" \/>\n<meta property=\"og:type\" content=\"article\" \/>\n<meta property=\"og:title\" content=\"Concierto-espect\u00e1culo | Amateur Music Group Association\" \/>\n<meta property=\"og:description\" content=\"\u00a1Descubre el Talento de la Costa Blanca!  \u00danete a nosotros en Showcase, una velada especial en la que los alumnos del Presidente de nuestra Asociaci\u00f3n, John Oliver Edwards, interpretar\u00e1n algunas de sus piezas favoritas... \u00a1y quiz\u00e1 tambi\u00e9n alguna de las tuyas!  El programa abarca una ecl\u00e9ctica mezcla de estilos, desde los cl\u00e1sicos intemporales de Haendel y Pergolesi hasta \u00e9xitos modernos de Lady Gaga y Bruno Mars. Podr\u00e1s escuchar desde arias de \u00f3pera hasta n\u00fameros de teatro musical.  Nuestros artistas proceden de toda Europa, representando a pa\u00edses como Irlanda, Pa\u00edses Bajos, Inglaterra, Alemania, Escocia y Francia.  No te pierdas esta maravillosa oportunidad de celebrar el talento local: \u00a1ven y muestra tu apoyo!\" \/>\n<meta property=\"og:url\" content=\"https:\/\/costablancamusicgroups.com\/es\/events\/concierto-espectaculo\/\" \/>\n<meta property=\"og:site_name\" content=\"Amateur Music Group Association\" \/>\n<meta property=\"article:publisher\" content=\"https:\/\/www.facebook.com\/CostaBlancaMaleVoiceChoir\/\" \/>\n<meta property=\"article:modified_time\" content=\"2025-07-16T06:46:46+00:00\" \/>\n<meta property=\"og:image\" content=\"https:\/\/costablancamusicgroups.com\/wp-content\/uploads\/2025\/01\/showcase-1.png\" \/>\n\t<meta property=\"og:image:width\" content=\"700\" \/>\n\t<meta property=\"og:image:height\" content=\"982\" \/>\n\t<meta property=\"og:image:type\" content=\"image\/png\" \/>\n<meta name=\"twitter:card\" content=\"summary_large_image\" \/>\n<script type=\"application\/ld+json\" class=\"yoast-schema-graph\">{\"@context\":\"https:\\\/\\\/schema.org\",\"@graph\":[{\"@type\":\"WebPage\",\"@id\":\"https:\\\/\\\/costablancamusicgroups.com\\\/es\\\/events\\\/concierto-espectaculo\\\/\",\"url\":\"https:\\\/\\\/costablancamusicgroups.com\\\/es\\\/events\\\/concierto-espectaculo\\\/\",\"name\":\"Concierto-espect\u00e1culo | Amateur Music Group Association\",\"isPartOf\":{\"@id\":\"https:\\\/\\\/costablancamusicgroups.com\\\/es\\\/#website\"},\"primaryImageOfPage\":{\"@id\":\"https:\\\/\\\/costablancamusicgroups.com\\\/es\\\/events\\\/concierto-espectaculo\\\/#primaryimage\"},\"image\":{\"@id\":\"https:\\\/\\\/costablancamusicgroups.com\\\/es\\\/events\\\/concierto-espectaculo\\\/#primaryimage\"},\"thumbnailUrl\":\"https:\\\/\\\/costablancamusicgroups.com\\\/wp-content\\\/uploads\\\/2025\\\/01\\\/showcase-1.png\",\"datePublished\":\"2025-01-05T11:24:12+00:00\",\"dateModified\":\"2025-07-16T06:46:46+00:00\",\"breadcrumb\":{\"@id\":\"https:\\\/\\\/costablancamusicgroups.com\\\/es\\\/events\\\/concierto-espectaculo\\\/#breadcrumb\"},\"inLanguage\":\"es\",\"potentialAction\":[{\"@type\":\"ReadAction\",\"target\":[\"https:\\\/\\\/costablancamusicgroups.com\\\/es\\\/events\\\/concierto-espectaculo\\\/\"]}]},{\"@type\":\"ImageObject\",\"inLanguage\":\"es\",\"@id\":\"https:\\\/\\\/costablancamusicgroups.com\\\/es\\\/events\\\/concierto-espectaculo\\\/#primaryimage\",\"url\":\"https:\\\/\\\/costablancamusicgroups.com\\\/wp-content\\\/uploads\\\/2025\\\/01\\\/showcase-1.png\",\"contentUrl\":\"https:\\\/\\\/costablancamusicgroups.com\\\/wp-content\\\/uploads\\\/2025\\\/01\\\/showcase-1.png\",\"width\":700,\"height\":982},{\"@type\":\"BreadcrumbList\",\"@id\":\"https:\\\/\\\/costablancamusicgroups.com\\\/es\\\/events\\\/concierto-espectaculo\\\/#breadcrumb\",\"itemListElement\":[{\"@type\":\"ListItem\",\"position\":1,\"name\":\"Home\",\"item\":\"https:\\\/\\\/costablancamusicgroups.com\\\/es\\\/inicio\\\/\"},{\"@type\":\"ListItem\",\"position\":2,\"name\":\"Tienda\",\"item\":\"https:\\\/\\\/costablancamusicgroups.com\\\/es\\\/tienda\\\/\"},{\"@type\":\"ListItem\",\"position\":3,\"name\":\"Concierto-espect\u00e1culo\"}]},{\"@type\":\"WebSite\",\"@id\":\"https:\\\/\\\/costablancamusicgroups.com\\\/es\\\/#website\",\"url\":\"https:\\\/\\\/costablancamusicgroups.com\\\/es\\\/\",\"name\":\"Amateur Music Group Association\",\"description\":\"Amateur Music Group Association\",\"publisher\":{\"@id\":\"https:\\\/\\\/costablancamusicgroups.com\\\/es\\\/#organization\"},\"potentialAction\":[{\"@type\":\"SearchAction\",\"target\":{\"@type\":\"EntryPoint\",\"urlTemplate\":\"https:\\\/\\\/costablancamusicgroups.com\\\/es\\\/?s={search_term_string}\"},\"query-input\":{\"@type\":\"PropertyValueSpecification\",\"valueRequired\":true,\"valueName\":\"search_term_string\"}}],\"inLanguage\":\"es\"},{\"@type\":\"Organization\",\"@id\":\"https:\\\/\\\/costablancamusicgroups.com\\\/es\\\/#organization\",\"name\":\"Costa Blanca Male Voice Choir\",\"url\":\"https:\\\/\\\/costablancamusicgroups.com\\\/es\\\/\",\"logo\":{\"@type\":\"ImageObject\",\"inLanguage\":\"es\",\"@id\":\"https:\\\/\\\/costablancamusicgroups.com\\\/es\\\/#\\\/schema\\\/logo\\\/image\\\/\",\"url\":\"https:\\\/\\\/costablancamusicgroups.com\\\/wp-content\\\/uploads\\\/2022\\\/03\\\/cropped-CBMVC-main-logo.png\",\"contentUrl\":\"https:\\\/\\\/costablancamusicgroups.com\\\/wp-content\\\/uploads\\\/2022\\\/03\\\/cropped-CBMVC-main-logo.png\",\"width\":512,\"height\":512,\"caption\":\"Costa Blanca Male Voice Choir\"},\"image\":{\"@id\":\"https:\\\/\\\/costablancamusicgroups.com\\\/es\\\/#\\\/schema\\\/logo\\\/image\\\/\"},\"sameAs\":[\"https:\\\/\\\/www.facebook.com\\\/CostaBlancaMaleVoiceChoir\\\/\",\"https:\\\/\\\/www.youtube.com\\\/channel\\\/UCMh5LZpNLPG1V4qYdMMr1Yw\"]}]}<\/script>\n<!-- \/ Yoast SEO plugin. -->","yoast_head_json":{"title":"Concierto-espect\u00e1culo | Amateur Music Group Association","robots":{"index":"index","follow":"follow","max-snippet":"max-snippet:-1","max-image-preview":"max-image-preview:large","max-video-preview":"max-video-preview:-1"},"canonical":"https:\/\/costablancamusicgroups.com\/es\/events\/concierto-espectaculo\/","og_locale":"es_ES","og_type":"article","og_title":"Concierto-espect\u00e1culo | Amateur Music Group Association","og_description":"\u00a1Descubre el Talento de la Costa Blanca!  \u00danete a nosotros en Showcase, una velada especial en la que los alumnos del Presidente de nuestra Asociaci\u00f3n, John Oliver Edwards, interpretar\u00e1n algunas de sus piezas favoritas... \u00a1y quiz\u00e1 tambi\u00e9n alguna de las tuyas!  El programa abarca una ecl\u00e9ctica mezcla de estilos, desde los cl\u00e1sicos intemporales de Haendel y Pergolesi hasta \u00e9xitos modernos de Lady Gaga y Bruno Mars. Podr\u00e1s escuchar desde arias de \u00f3pera hasta n\u00fameros de teatro musical.  Nuestros artistas proceden de toda Europa, representando a pa\u00edses como Irlanda, Pa\u00edses Bajos, Inglaterra, Alemania, Escocia y Francia.  No te pierdas esta maravillosa oportunidad de celebrar el talento local: \u00a1ven y muestra tu apoyo!","og_url":"https:\/\/costablancamusicgroups.com\/es\/events\/concierto-espectaculo\/","og_site_name":"Amateur Music Group Association","article_publisher":"https:\/\/www.facebook.com\/CostaBlancaMaleVoiceChoir\/","article_modified_time":"2025-07-16T06:46:46+00:00","og_image":[{"width":700,"height":982,"url":"https:\/\/costablancamusicgroups.com\/wp-content\/uploads\/2025\/01\/showcase-1.png","type":"image\/png"}],"twitter_card":"summary_large_image","schema":{"@context":"https:\/\/schema.org","@graph":[{"@type":"WebPage","@id":"https:\/\/costablancamusicgroups.com\/es\/events\/concierto-espectaculo\/","url":"https:\/\/costablancamusicgroups.com\/es\/events\/concierto-espectaculo\/","name":"Concierto-espect\u00e1culo | Amateur Music Group Association","isPartOf":{"@id":"https:\/\/costablancamusicgroups.com\/es\/#website"},"primaryImageOfPage":{"@id":"https:\/\/costablancamusicgroups.com\/es\/events\/concierto-espectaculo\/#primaryimage"},"image":{"@id":"https:\/\/costablancamusicgroups.com\/es\/events\/concierto-espectaculo\/#primaryimage"},"thumbnailUrl":"https:\/\/costablancamusicgroups.com\/wp-content\/uploads\/2025\/01\/showcase-1.png","datePublished":"2025-01-05T11:24:12+00:00","dateModified":"2025-07-16T06:46:46+00:00","breadcrumb":{"@id":"https:\/\/costablancamusicgroups.com\/es\/events\/concierto-espectaculo\/#breadcrumb"},"inLanguage":"es","potentialAction":[{"@type":"ReadAction","target":["https:\/\/costablancamusicgroups.com\/es\/events\/concierto-espectaculo\/"]}]},{"@type":"ImageObject","inLanguage":"es","@id":"https:\/\/costablancamusicgroups.com\/es\/events\/concierto-espectaculo\/#primaryimage","url":"https:\/\/costablancamusicgroups.com\/wp-content\/uploads\/2025\/01\/showcase-1.png","contentUrl":"https:\/\/costablancamusicgroups.com\/wp-content\/uploads\/2025\/01\/showcase-1.png","width":700,"height":982},{"@type":"BreadcrumbList","@id":"https:\/\/costablancamusicgroups.com\/es\/events\/concierto-espectaculo\/#breadcrumb","itemListElement":[{"@type":"ListItem","position":1,"name":"Home","item":"https:\/\/costablancamusicgroups.com\/es\/inicio\/"},{"@type":"ListItem","position":2,"name":"Tienda","item":"https:\/\/costablancamusicgroups.com\/es\/tienda\/"},{"@type":"ListItem","position":3,"name":"Concierto-espect\u00e1culo"}]},{"@type":"WebSite","@id":"https:\/\/costablancamusicgroups.com\/es\/#website","url":"https:\/\/costablancamusicgroups.com\/es\/","name":"Amateur Music Group Association","description":"Amateur Music Group Association","publisher":{"@id":"https:\/\/costablancamusicgroups.com\/es\/#organization"},"potentialAction":[{"@type":"SearchAction","target":{"@type":"EntryPoint","urlTemplate":"https:\/\/costablancamusicgroups.com\/es\/?s={search_term_string}"},"query-input":{"@type":"PropertyValueSpecification","valueRequired":true,"valueName":"search_term_string"}}],"inLanguage":"es"},{"@type":"Organization","@id":"https:\/\/costablancamusicgroups.com\/es\/#organization","name":"Costa Blanca Male Voice Choir","url":"https:\/\/costablancamusicgroups.com\/es\/","logo":{"@type":"ImageObject","inLanguage":"es","@id":"https:\/\/costablancamusicgroups.com\/es\/#\/schema\/logo\/image\/","url":"https:\/\/costablancamusicgroups.com\/wp-content\/uploads\/2022\/03\/cropped-CBMVC-main-logo.png","contentUrl":"https:\/\/costablancamusicgroups.com\/wp-content\/uploads\/2022\/03\/cropped-CBMVC-main-logo.png","width":512,"height":512,"caption":"Costa Blanca Male Voice Choir"},"image":{"@id":"https:\/\/costablancamusicgroups.com\/es\/#\/schema\/logo\/image\/"},"sameAs":["https:\/\/www.facebook.com\/CostaBlancaMaleVoiceChoir\/","https:\/\/www.youtube.com\/channel\/UCMh5LZpNLPG1V4qYdMMr1Yw"]}]}},"publishpress_future_action":{"enabled":false,"date":"2026-04-24 09:23:56","action":"category","newStatus":"draft","terms":[],"taxonomy":"product_brand","extraData":[]},"publishpress_future_workflow_manual_trigger":{"enabledWorkflows":[]},"_links":{"self":[{"href":"https:\/\/costablancamusicgroups.com\/es\/wp-json\/wp\/v2\/product\/12036","targetHints":{"allow":["GET"]}}],"collection":[{"href":"https:\/\/costablancamusicgroups.com\/es\/wp-json\/wp\/v2\/product"}],"about":[{"href":"https:\/\/costablancamusicgroups.com\/es\/wp-json\/wp\/v2\/types\/product"}],"author":[{"embeddable":true,"href":"https:\/\/costablancamusicgroups.com\/es\/wp-json\/wp\/v2\/users\/9"}],"wp:featuredmedia":[{"embeddable":true,"href":"https:\/\/costablancamusicgroups.com\/es\/wp-json\/wp\/v2\/media\/12038"}],"wp:attachment":[{"href":"https:\/\/costablancamusicgroups.com\/es\/wp-json\/wp\/v2\/media?parent=12036"}],"wp:term":[{"taxonomy":"product_brand","embeddable":true,"href":"https:\/\/costablancamusicgroups.com\/es\/wp-json\/wp\/v2\/product_brand?post=12036"},{"taxonomy":"product_cat","embeddable":true,"href":"https:\/\/costablancamusicgroups.com\/es\/wp-json\/wp\/v2\/product_cat?post=12036"},{"taxonomy":"product_tag","embeddable":true,"href":"https:\/\/costablancamusicgroups.com\/es\/wp-json\/wp\/v2\/product_tag?post=12036"}],"curies":[{"name":"wp","href":"https:\/\/api.w.org\/{rel}","templated":true}]}}