{"id":11149,"date":"2023-08-31T11:50:47","date_gmt":"2023-08-31T09:50:47","guid":{"rendered":"https:\/\/costablancamusicgroups.com\/?post_type=product&#038;p=11149"},"modified":"2025-07-16T08:47:46","modified_gmt":"2025-07-16T06:47:46","slug":"pasatiempo-en-buena-compania-152-8-concierto-del-coro-de-camara","status":"publish","type":"product","link":"https:\/\/costablancamusicgroups.com\/es\/events\/pasatiempo-en-buena-compania-152-8-concierto-del-coro-de-camara\/","title":{"rendered":"Pasatiempo en buena compa\u00f1\u00eda 152.8 Concierto del Coro de C\u00e1mara"},"content":{"rendered":"","protected":false},"excerpt":{"rendered":"<p><strong>152,8 Pasatiempo en buena compa\u00f1\u00eda<br \/>\n<\/strong><\/p>\n<p>La C\u00e1tedra de C\u00e1mara 152.8 se complace en presentarles un programa muy variado de m\u00fasica coral sin acompa\u00f1amiento a trav\u00e9s de los tiempos. Entre los compositores figuran:<\/p>\n<p>Morley<br \/>\nByrd<br \/>\nGibbons<br \/>\nPurcell<br \/>\nBruckner<br \/>\nStanford<\/p>\n<p>Ser\u00e1 un concierto de algunas de las m\u00fasicas m\u00e1s bellas del mundo.<\/p>\n<p>Las entradas estar\u00e1n disponibles en la puerta, pero no se pueden garantizar, ya que el n\u00famero es limitado.<\/p>\n<p>El precio de la entrada constituye un donativo para sufragar los gastos del evento.<\/p>\n<p><strong>&nbsp;<\/strong><\/p>\n","protected":false},"author":9,"featured_media":11151,"template":"","meta":{"ngg_post_thumbnail":0},"product_brand":[],"product_cat":[120],"product_tag":[],"class_list":{"0":"post-11149","1":"product","2":"type-product","3":"status-publish","4":"has-post-thumbnail","6":"product_cat-eventos-pasados","9":"instock","10":"downloadable","11":"virtual","12":"product-type-simple"},"yoast_head":"<!-- This site is optimized with the Yoast SEO plugin v27.4 - https:\/\/yoast.com\/product\/yoast-seo-wordpress\/ -->\n<title>Pasatiempo en buena compa\u00f1\u00eda 152.8 Concierto del Coro de C\u00e1mara | Amateur Music Group Association<\/title>\n<meta name=\"description\" content=\"Pasatiempo en Buena Compa\u00f1\u00eda 152.8 Concierto del Coro de C\u00e1mara en el Centro DAR cerca de J\u00e1vea\" \/>\n<meta name=\"robots\" content=\"index, follow, max-snippet:-1, max-image-preview:large, max-video-preview:-1\" \/>\n<link rel=\"canonical\" href=\"https:\/\/costablancamusicgroups.com\/es\/events\/pasatiempo-en-buena-compania-152-8-concierto-del-coro-de-camara\/\" \/>\n<meta property=\"og:locale\" content=\"es_ES\" \/>\n<meta property=\"og:type\" content=\"article\" \/>\n<meta property=\"og:title\" content=\"Pasatiempo en buena compa\u00f1\u00eda 152.8 Concierto del Coro de C\u00e1mara | Amateur Music Group Association\" \/>\n<meta property=\"og:description\" content=\"Pasatiempo en Buena Compa\u00f1\u00eda 152.8 Concierto del Coro de C\u00e1mara en el Centro DAR cerca de J\u00e1vea\" \/>\n<meta property=\"og:url\" content=\"https:\/\/costablancamusicgroups.com\/es\/events\/pasatiempo-en-buena-compania-152-8-concierto-del-coro-de-camara\/\" \/>\n<meta property=\"og:site_name\" content=\"Amateur Music Group Association\" \/>\n<meta property=\"article:publisher\" content=\"https:\/\/www.facebook.com\/CostaBlancaMaleVoiceChoir\/\" \/>\n<meta property=\"article:modified_time\" content=\"2025-07-16T06:47:46+00:00\" \/>\n<meta property=\"og:image\" content=\"https:\/\/costablancamusicgroups.com\/wp-content\/uploads\/2023\/08\/152-dar-concert-Web.png\" \/>\n\t<meta property=\"og:image:width\" content=\"600\" \/>\n\t<meta property=\"og:image:height\" content=\"676\" \/>\n\t<meta property=\"og:image:type\" content=\"image\/png\" \/>\n<meta name=\"twitter:card\" content=\"summary_large_image\" \/>\n<script type=\"application\/ld+json\" class=\"yoast-schema-graph\">{\"@context\":\"https:\\\/\\\/schema.org\",\"@graph\":[{\"@type\":\"WebPage\",\"@id\":\"https:\\\/\\\/costablancamusicgroups.com\\\/es\\\/events\\\/pasatiempo-en-buena-compania-152-8-concierto-del-coro-de-camara\\\/\",\"url\":\"https:\\\/\\\/costablancamusicgroups.com\\\/es\\\/events\\\/pasatiempo-en-buena-compania-152-8-concierto-del-coro-de-camara\\\/\",\"name\":\"Pasatiempo en buena compa\u00f1\u00eda 152.8 Concierto del Coro de C\u00e1mara | Amateur Music Group Association\",\"isPartOf\":{\"@id\":\"https:\\\/\\\/costablancamusicgroups.com\\\/es\\\/#website\"},\"primaryImageOfPage\":{\"@id\":\"https:\\\/\\\/costablancamusicgroups.com\\\/es\\\/events\\\/pasatiempo-en-buena-compania-152-8-concierto-del-coro-de-camara\\\/#primaryimage\"},\"image\":{\"@id\":\"https:\\\/\\\/costablancamusicgroups.com\\\/es\\\/events\\\/pasatiempo-en-buena-compania-152-8-concierto-del-coro-de-camara\\\/#primaryimage\"},\"thumbnailUrl\":\"https:\\\/\\\/costablancamusicgroups.com\\\/wp-content\\\/uploads\\\/2023\\\/08\\\/152-dar-concert-Web.png\",\"datePublished\":\"2023-08-31T09:50:47+00:00\",\"dateModified\":\"2025-07-16T06:47:46+00:00\",\"description\":\"Pasatiempo en Buena Compa\u00f1\u00eda 152.8 Concierto del Coro de C\u00e1mara en el Centro DAR cerca de J\u00e1vea\",\"breadcrumb\":{\"@id\":\"https:\\\/\\\/costablancamusicgroups.com\\\/es\\\/events\\\/pasatiempo-en-buena-compania-152-8-concierto-del-coro-de-camara\\\/#breadcrumb\"},\"inLanguage\":\"es\",\"potentialAction\":[{\"@type\":\"ReadAction\",\"target\":[\"https:\\\/\\\/costablancamusicgroups.com\\\/es\\\/events\\\/pasatiempo-en-buena-compania-152-8-concierto-del-coro-de-camara\\\/\"]}]},{\"@type\":\"ImageObject\",\"inLanguage\":\"es\",\"@id\":\"https:\\\/\\\/costablancamusicgroups.com\\\/es\\\/events\\\/pasatiempo-en-buena-compania-152-8-concierto-del-coro-de-camara\\\/#primaryimage\",\"url\":\"https:\\\/\\\/costablancamusicgroups.com\\\/wp-content\\\/uploads\\\/2023\\\/08\\\/152-dar-concert-Web.png\",\"contentUrl\":\"https:\\\/\\\/costablancamusicgroups.com\\\/wp-content\\\/uploads\\\/2023\\\/08\\\/152-dar-concert-Web.png\",\"width\":600,\"height\":676},{\"@type\":\"BreadcrumbList\",\"@id\":\"https:\\\/\\\/costablancamusicgroups.com\\\/es\\\/events\\\/pasatiempo-en-buena-compania-152-8-concierto-del-coro-de-camara\\\/#breadcrumb\",\"itemListElement\":[{\"@type\":\"ListItem\",\"position\":1,\"name\":\"Home\",\"item\":\"https:\\\/\\\/costablancamusicgroups.com\\\/es\\\/inicio\\\/\"},{\"@type\":\"ListItem\",\"position\":2,\"name\":\"Tienda\",\"item\":\"https:\\\/\\\/costablancamusicgroups.com\\\/es\\\/tienda\\\/\"},{\"@type\":\"ListItem\",\"position\":3,\"name\":\"Pasatiempo en buena compa\u00f1\u00eda 152.8 Concierto del Coro de C\u00e1mara\"}]},{\"@type\":\"WebSite\",\"@id\":\"https:\\\/\\\/costablancamusicgroups.com\\\/es\\\/#website\",\"url\":\"https:\\\/\\\/costablancamusicgroups.com\\\/es\\\/\",\"name\":\"Amateur Music Group Association\",\"description\":\"Amateur Music Group Association\",\"publisher\":{\"@id\":\"https:\\\/\\\/costablancamusicgroups.com\\\/es\\\/#organization\"},\"potentialAction\":[{\"@type\":\"SearchAction\",\"target\":{\"@type\":\"EntryPoint\",\"urlTemplate\":\"https:\\\/\\\/costablancamusicgroups.com\\\/es\\\/?s={search_term_string}\"},\"query-input\":{\"@type\":\"PropertyValueSpecification\",\"valueRequired\":true,\"valueName\":\"search_term_string\"}}],\"inLanguage\":\"es\"},{\"@type\":\"Organization\",\"@id\":\"https:\\\/\\\/costablancamusicgroups.com\\\/es\\\/#organization\",\"name\":\"Costa Blanca Male Voice Choir\",\"url\":\"https:\\\/\\\/costablancamusicgroups.com\\\/es\\\/\",\"logo\":{\"@type\":\"ImageObject\",\"inLanguage\":\"es\",\"@id\":\"https:\\\/\\\/costablancamusicgroups.com\\\/es\\\/#\\\/schema\\\/logo\\\/image\\\/\",\"url\":\"https:\\\/\\\/costablancamusicgroups.com\\\/wp-content\\\/uploads\\\/2022\\\/03\\\/cropped-CBMVC-main-logo.png\",\"contentUrl\":\"https:\\\/\\\/costablancamusicgroups.com\\\/wp-content\\\/uploads\\\/2022\\\/03\\\/cropped-CBMVC-main-logo.png\",\"width\":512,\"height\":512,\"caption\":\"Costa Blanca Male Voice Choir\"},\"image\":{\"@id\":\"https:\\\/\\\/costablancamusicgroups.com\\\/es\\\/#\\\/schema\\\/logo\\\/image\\\/\"},\"sameAs\":[\"https:\\\/\\\/www.facebook.com\\\/CostaBlancaMaleVoiceChoir\\\/\",\"https:\\\/\\\/www.youtube.com\\\/channel\\\/UCMh5LZpNLPG1V4qYdMMr1Yw\"]}]}<\/script>\n<!-- \/ Yoast SEO plugin. -->","yoast_head_json":{"title":"Pasatiempo en buena compa\u00f1\u00eda 152.8 Concierto del Coro de C\u00e1mara | Amateur Music Group Association","description":"Pasatiempo en Buena Compa\u00f1\u00eda 152.8 Concierto del Coro de C\u00e1mara en el Centro DAR cerca de J\u00e1vea","robots":{"index":"index","follow":"follow","max-snippet":"max-snippet:-1","max-image-preview":"max-image-preview:large","max-video-preview":"max-video-preview:-1"},"canonical":"https:\/\/costablancamusicgroups.com\/es\/events\/pasatiempo-en-buena-compania-152-8-concierto-del-coro-de-camara\/","og_locale":"es_ES","og_type":"article","og_title":"Pasatiempo en buena compa\u00f1\u00eda 152.8 Concierto del Coro de C\u00e1mara | Amateur Music Group Association","og_description":"Pasatiempo en Buena Compa\u00f1\u00eda 152.8 Concierto del Coro de C\u00e1mara en el Centro DAR cerca de J\u00e1vea","og_url":"https:\/\/costablancamusicgroups.com\/es\/events\/pasatiempo-en-buena-compania-152-8-concierto-del-coro-de-camara\/","og_site_name":"Amateur Music Group Association","article_publisher":"https:\/\/www.facebook.com\/CostaBlancaMaleVoiceChoir\/","article_modified_time":"2025-07-16T06:47:46+00:00","og_image":[{"width":600,"height":676,"url":"https:\/\/costablancamusicgroups.com\/wp-content\/uploads\/2023\/08\/152-dar-concert-Web.png","type":"image\/png"}],"twitter_card":"summary_large_image","schema":{"@context":"https:\/\/schema.org","@graph":[{"@type":"WebPage","@id":"https:\/\/costablancamusicgroups.com\/es\/events\/pasatiempo-en-buena-compania-152-8-concierto-del-coro-de-camara\/","url":"https:\/\/costablancamusicgroups.com\/es\/events\/pasatiempo-en-buena-compania-152-8-concierto-del-coro-de-camara\/","name":"Pasatiempo en buena compa\u00f1\u00eda 152.8 Concierto del Coro de C\u00e1mara | Amateur Music Group Association","isPartOf":{"@id":"https:\/\/costablancamusicgroups.com\/es\/#website"},"primaryImageOfPage":{"@id":"https:\/\/costablancamusicgroups.com\/es\/events\/pasatiempo-en-buena-compania-152-8-concierto-del-coro-de-camara\/#primaryimage"},"image":{"@id":"https:\/\/costablancamusicgroups.com\/es\/events\/pasatiempo-en-buena-compania-152-8-concierto-del-coro-de-camara\/#primaryimage"},"thumbnailUrl":"https:\/\/costablancamusicgroups.com\/wp-content\/uploads\/2023\/08\/152-dar-concert-Web.png","datePublished":"2023-08-31T09:50:47+00:00","dateModified":"2025-07-16T06:47:46+00:00","description":"Pasatiempo en Buena Compa\u00f1\u00eda 152.8 Concierto del Coro de C\u00e1mara en el Centro DAR cerca de J\u00e1vea","breadcrumb":{"@id":"https:\/\/costablancamusicgroups.com\/es\/events\/pasatiempo-en-buena-compania-152-8-concierto-del-coro-de-camara\/#breadcrumb"},"inLanguage":"es","potentialAction":[{"@type":"ReadAction","target":["https:\/\/costablancamusicgroups.com\/es\/events\/pasatiempo-en-buena-compania-152-8-concierto-del-coro-de-camara\/"]}]},{"@type":"ImageObject","inLanguage":"es","@id":"https:\/\/costablancamusicgroups.com\/es\/events\/pasatiempo-en-buena-compania-152-8-concierto-del-coro-de-camara\/#primaryimage","url":"https:\/\/costablancamusicgroups.com\/wp-content\/uploads\/2023\/08\/152-dar-concert-Web.png","contentUrl":"https:\/\/costablancamusicgroups.com\/wp-content\/uploads\/2023\/08\/152-dar-concert-Web.png","width":600,"height":676},{"@type":"BreadcrumbList","@id":"https:\/\/costablancamusicgroups.com\/es\/events\/pasatiempo-en-buena-compania-152-8-concierto-del-coro-de-camara\/#breadcrumb","itemListElement":[{"@type":"ListItem","position":1,"name":"Home","item":"https:\/\/costablancamusicgroups.com\/es\/inicio\/"},{"@type":"ListItem","position":2,"name":"Tienda","item":"https:\/\/costablancamusicgroups.com\/es\/tienda\/"},{"@type":"ListItem","position":3,"name":"Pasatiempo en buena compa\u00f1\u00eda 152.8 Concierto del Coro de C\u00e1mara"}]},{"@type":"WebSite","@id":"https:\/\/costablancamusicgroups.com\/es\/#website","url":"https:\/\/costablancamusicgroups.com\/es\/","name":"Amateur Music Group Association","description":"Amateur Music Group Association","publisher":{"@id":"https:\/\/costablancamusicgroups.com\/es\/#organization"},"potentialAction":[{"@type":"SearchAction","target":{"@type":"EntryPoint","urlTemplate":"https:\/\/costablancamusicgroups.com\/es\/?s={search_term_string}"},"query-input":{"@type":"PropertyValueSpecification","valueRequired":true,"valueName":"search_term_string"}}],"inLanguage":"es"},{"@type":"Organization","@id":"https:\/\/costablancamusicgroups.com\/es\/#organization","name":"Costa Blanca Male Voice Choir","url":"https:\/\/costablancamusicgroups.com\/es\/","logo":{"@type":"ImageObject","inLanguage":"es","@id":"https:\/\/costablancamusicgroups.com\/es\/#\/schema\/logo\/image\/","url":"https:\/\/costablancamusicgroups.com\/wp-content\/uploads\/2022\/03\/cropped-CBMVC-main-logo.png","contentUrl":"https:\/\/costablancamusicgroups.com\/wp-content\/uploads\/2022\/03\/cropped-CBMVC-main-logo.png","width":512,"height":512,"caption":"Costa Blanca Male Voice Choir"},"image":{"@id":"https:\/\/costablancamusicgroups.com\/es\/#\/schema\/logo\/image\/"},"sameAs":["https:\/\/www.facebook.com\/CostaBlancaMaleVoiceChoir\/","https:\/\/www.youtube.com\/channel\/UCMh5LZpNLPG1V4qYdMMr1Yw"]}]}},"publishpress_future_action":{"enabled":false,"date":"2026-04-25 11:18:23","action":"category","newStatus":"draft","terms":[],"taxonomy":"product_brand","extraData":[]},"publishpress_future_workflow_manual_trigger":{"enabledWorkflows":[]},"_links":{"self":[{"href":"https:\/\/costablancamusicgroups.com\/es\/wp-json\/wp\/v2\/product\/11149","targetHints":{"allow":["GET"]}}],"collection":[{"href":"https:\/\/costablancamusicgroups.com\/es\/wp-json\/wp\/v2\/product"}],"about":[{"href":"https:\/\/costablancamusicgroups.com\/es\/wp-json\/wp\/v2\/types\/product"}],"author":[{"embeddable":true,"href":"https:\/\/costablancamusicgroups.com\/es\/wp-json\/wp\/v2\/users\/9"}],"wp:featuredmedia":[{"embeddable":true,"href":"https:\/\/costablancamusicgroups.com\/es\/wp-json\/wp\/v2\/media\/11151"}],"wp:attachment":[{"href":"https:\/\/costablancamusicgroups.com\/es\/wp-json\/wp\/v2\/media?parent=11149"}],"wp:term":[{"taxonomy":"product_brand","embeddable":true,"href":"https:\/\/costablancamusicgroups.com\/es\/wp-json\/wp\/v2\/product_brand?post=11149"},{"taxonomy":"product_cat","embeddable":true,"href":"https:\/\/costablancamusicgroups.com\/es\/wp-json\/wp\/v2\/product_cat?post=11149"},{"taxonomy":"product_tag","embeddable":true,"href":"https:\/\/costablancamusicgroups.com\/es\/wp-json\/wp\/v2\/product_tag?post=11149"}],"curies":[{"name":"wp","href":"https:\/\/api.w.org\/{rel}","templated":true}]}}