{"id":10864,"date":"2021-12-01T13:01:15","date_gmt":"2021-12-01T12:01:15","guid":{"rendered":"https:\/\/costablancamusicgroups.com\/contacto\/"},"modified":"2023-05-10T13:31:53","modified_gmt":"2023-05-10T11:31:53","slug":"contacto","status":"publish","type":"page","link":"https:\/\/costablancamusicgroups.com\/es\/contacto\/","title":{"rendered":"Contacto"},"content":{"rendered":"\t\t<div data-elementor-type=\"wp-page\" data-elementor-id=\"10864\" class=\"elementor elementor-10864 elementor-1312\">\n\t\t\t\t\t\t<section class=\"elementor-section elementor-top-section elementor-element elementor-element-40a2c034 tm-elementor-bg-color-grey elementor-section-stretched tm-column-break-ipad-yes tm-col-stretched-none elementor-section-boxed elementor-section-height-default elementor-section-height-default\" data-id=\"40a2c034\" data-element_type=\"section\" data-e-type=\"section\" data-settings=\"{&quot;stretch_section&quot;:&quot;section-stretched&quot;}\">\n\t\t\t\t\t\t\t<div class=\"elementor-background-overlay\"><\/div>\n\t\t\t\t\t\t\t<div class=\"elementor-container elementor-column-gap-no\">\n\t\t\t\t\t<div class=\"elementor-column elementor-col-50 elementor-top-column elementor-element elementor-element-51eecd12\" data-id=\"51eecd12\" data-element_type=\"column\" data-e-type=\"column\">\n\t\t\t<div class=\"elementor-widget-wrap elementor-element-populated\">\n\t\t\t\t\t\t<div class=\"elementor-section elementor-inner-section elementor-element elementor-element-57d1cf9b tm-column-break-ipad-no tm-col-stretched-none elementor-section-boxed elementor-section-height-default elementor-section-height-default\" data-id=\"57d1cf9b\" data-element_type=\"section\" data-e-type=\"section\">\n\t\t\t\t\t\t<div class=\"elementor-container elementor-column-gap-no\">\n\t\t\t\t\t<div class=\"elementor-column elementor-col-100 elementor-inner-column elementor-element elementor-element-20ca1ef1 tm-bgcolor-yes tm-elementor-bg-color-white\" data-id=\"20ca1ef1\" data-element_type=\"column\" data-e-type=\"column\">\n\t\t\t<div class=\"elementor-widget-wrap elementor-element-populated\">\n\t\t\t\t\t\t<div class=\"elementor-element elementor-element-49c5aa0c elementor-widget elementor-widget-heading\" data-id=\"49c5aa0c\" data-element_type=\"widget\" data-e-type=\"widget\" data-widget_type=\"heading.default\">\n\t\t\t\t<div class=\"elementor-widget-container\">\n\t\t\t\t\t<h2 class=\"elementor-heading-title elementor-size-default\">Contacto<\/h2>\t\t\t\t<\/div>\n\t\t\t\t<\/div>\n\t\t\t\t<div class=\"elementor-element elementor-element-7c9b3bab elementor-widget elementor-widget-text-editor\" data-id=\"7c9b3bab\" data-element_type=\"widget\" data-e-type=\"widget\" data-widget_type=\"text-editor.default\">\n\t\t\t\t<div class=\"elementor-widget-container\">\n\t\t\t\t\t\t\t\t\t<p><i class=\"tm-jassio-icon-phone tm-skincolor\"><\/i> <strong><a href=\"tel:+34666666666\">965 063 254<\/a><\/strong><\/p>\n<p><i class=\"fa fa-envelope tm-skincolor\"><\/i> <strong><a class=\"theme\" href=\"mailto:info@costablancamusicgroups.com\" target=\"_blank\" rel=\"noopener noreferrer\">info@costablancamusicgroups.com<\/a><\/strong><\/p>\n\t\t\t\t\t\t\t\t<\/div>\n\t\t\t\t<\/div>\n\t\t\t\t<div class=\"elementor-element elementor-element-0631bb4 elementor-widget elementor-widget-text-editor\" data-id=\"0631bb4\" data-element_type=\"widget\" data-e-type=\"widget\" data-widget_type=\"text-editor.default\">\n\t\t\t\t<div class=\"elementor-widget-container\">\n\t\t\t\t\t\t\t\t\t<p><strong>S\u00edguenos en Facebook  <\/strong><div class=\"themetechmount-social-links-wrapper\"><ul class=\"social-icons\"><li class=\"tm-social-facebook\"><a class=\" tooltip-top\" target=\"_blank\" href=\"https:\/\/www.facebook.com\/musicgroupassociation\" data-tooltip=\"Facebook\"><i class=\"tm-jassio-icon-facebook\"><\/i><\/a><\/li>\n<\/ul><\/div><\/p>\n\t\t\t\t\t\t\t\t<\/div>\n\t\t\t\t<\/div>\n\t\t\t\t\t<\/div>\n\t\t<\/div>\n\t\t\t\t\t<\/div>\n\t\t<\/div>\n\t\t\t\t\t<\/div>\n\t\t<\/div>\n\t\t\t\t<div class=\"elementor-column elementor-col-50 elementor-top-column elementor-element elementor-element-25ed9709 tm-bgcolor-yes tm-elementor-bg-color-white\" data-id=\"25ed9709\" data-element_type=\"column\" data-e-type=\"column\">\n\t\t\t<div class=\"elementor-widget-wrap elementor-element-populated\">\n\t\t\t\t\t\t<div class=\"elementor-element elementor-element-45503356 tm-align-left elementor-widget elementor-widget-tm_heading\" data-id=\"45503356\" data-element_type=\"widget\" data-e-type=\"widget\" data-widget_type=\"tm_heading.default\">\n\t\t\t\t<div class=\"elementor-widget-container\">\n\t\t\t\t\t<div class=\"tm-element-heading-content-wrapper left-align  tm-seperator-none tm-content-with-desc tm-heading-style-vertical \"><div class=\"tm-content-header\"><h2 class=\"tm-element-content-heading\">\n\t\t\t\tPonte en contacto\n\t\t\t<\/h2>\n\t\t<\/div><div class=\"tm-element-content-desctxt\">P\u00f3ngase en contacto con nosotros si desea participar, contratarnos o recibir informaci\u00f3n sobre nuestros pr\u00f3ximos conciertos.<\/div><\/div>\t\t\t\t<\/div>\n\t\t\t\t<\/div>\n\t\t\t\t<div class=\"elementor-element elementor-element-70cc6ce7 elementor-widget elementor-widget-shortcode\" data-id=\"70cc6ce7\" data-element_type=\"widget\" data-e-type=\"widget\" data-widget_type=\"shortcode.default\">\n\t\t\t\t<div class=\"elementor-widget-container\">\n\t\t\t\t\t\t\t<div class=\"elementor-shortcode\">\n<div class=\"wpcf7 no-js\" id=\"wpcf7-f10940-o1\" lang=\"es-ES\" dir=\"ltr\" data-wpcf7-id=\"10940\">\n<div class=\"screen-reader-response\"><p role=\"status\" aria-live=\"polite\" aria-atomic=\"true\"><\/p> <ul><\/ul><\/div>\n<form action=\"\/es\/wp-json\/wp\/v2\/pages\/10864#wpcf7-f10940-o1\" method=\"post\" class=\"wpcf7-form init\" aria-label=\"Formulario de contacto\" novalidate=\"novalidate\" data-status=\"init\">\n<fieldset class=\"hidden-fields-container\"><input type=\"hidden\" name=\"_wpcf7\" value=\"10940\" \/><input type=\"hidden\" name=\"_wpcf7_version\" value=\"6.1.5\" \/><input type=\"hidden\" name=\"_wpcf7_locale\" value=\"es_ES\" \/><input type=\"hidden\" name=\"_wpcf7_unit_tag\" value=\"wpcf7-f10940-o1\" \/><input type=\"hidden\" name=\"_wpcf7_container_post\" value=\"0\" \/><input type=\"hidden\" name=\"_wpcf7_posted_data_hash\" value=\"\" \/><input type=\"hidden\" name=\"_wpcf7_recaptcha_response\" value=\"\" \/>\n<\/fieldset>\n<p><span class=\"wpcf7-form-control-wrap\" data-name=\"your-name\"><input size=\"40\" maxlength=\"400\" class=\"wpcf7-form-control wpcf7-text wpcf7-validates-as-required\" aria-required=\"true\" aria-invalid=\"false\" placeholder=\"Tu nombre*\" value=\"\" type=\"text\" name=\"your-name\" \/><\/span>\n<\/p>\n<p><span class=\"wpcf7-form-control-wrap\" data-name=\"your-email\"><input size=\"40\" maxlength=\"400\" class=\"wpcf7-form-control wpcf7-email wpcf7-validates-as-required wpcf7-text wpcf7-validates-as-email\" aria-required=\"true\" aria-invalid=\"false\" placeholder=\"Tu correo electr\u00f3nico*\" value=\"\" type=\"email\" name=\"your-email\" \/><\/span>\n<\/p>\n<p><span class=\"wpcf7-form-control-wrap\" data-name=\"topic\"><select class=\"wpcf7-form-control wpcf7-select wpcf7-validates-as-required dropdown-topic\" aria-required=\"true\" aria-invalid=\"false\" name=\"topic\"><option value=\"\">Select a topic*<\/option><option value=\"General Enquiries\">General Enquiries<\/option><option value=\"Bookings\">Bookings<\/option><option value=\"Box Office\">Box Office<\/option><\/select><\/span>\n<\/p>\n<p><span class=\"wpcf7-form-control-wrap\" data-name=\"your-message\"><textarea cols=\"40\" rows=\"10\" maxlength=\"2000\" class=\"wpcf7-form-control wpcf7-textarea wpcf7-validates-as-required\" aria-required=\"true\" aria-invalid=\"false\" placeholder=\"Mensaje\" name=\"your-message\"><\/textarea><\/span>\n<\/p>\n<p><input class=\"wpcf7-form-control wpcf7-submit has-spinner\" type=\"submit\" value=\"Enviar\" \/>\n<\/p><div class=\"wpcf7-response-output\" aria-hidden=\"true\"><\/div>\n<\/form>\n<\/div>\n<\/div>\n\t\t\t\t\t\t<\/div>\n\t\t\t\t<\/div>\n\t\t\t\t\t<\/div>\n\t\t<\/div>\n\t\t\t\t\t<\/div>\n\t\t<\/section>\n\t\t\t\t<section class=\"elementor-section elementor-top-section elementor-element elementor-element-759c059e elementor-section-stretched tm-column-break-ipad-yes tm-elementor-bg-color-white tm-col-stretched-none elementor-section-boxed elementor-section-height-default elementor-section-height-default\" data-id=\"759c059e\" data-element_type=\"section\" data-e-type=\"section\" data-settings=\"{&quot;stretch_section&quot;:&quot;section-stretched&quot;,&quot;background_background&quot;:&quot;classic&quot;}\">\n\t\t\t\t\t\t\t<div class=\"elementor-background-overlay\"><\/div>\n\t\t\t\t\t\t\t<div class=\"elementor-container elementor-column-gap-no\">\n\t\t\t\t\t<div class=\"elementor-column elementor-col-100 elementor-top-column elementor-element elementor-element-5c85f30\" data-id=\"5c85f30\" data-element_type=\"column\" data-e-type=\"column\">\n\t\t\t<div class=\"elementor-widget-wrap\">\n\t\t\t\t\t\t\t<\/div>\n\t\t<\/div>\n\t\t\t\t\t<\/div>\n\t\t<\/section>\n\t\t\t\t<\/div>\n\t\t","protected":false},"excerpt":{"rendered":"<p>Contacto 965 063 254 info@costablancamusicgroups.com S\u00edguenos en Facebook Ponte en contacto P\u00f3ngase en contacto con nosotros si desea participar, contratarnos o recibir informaci\u00f3n sobre nuestros pr\u00f3ximos conciertos.<\/p>\n","protected":false},"author":1,"featured_media":0,"parent":0,"menu_order":0,"comment_status":"closed","ping_status":"closed","template":"","meta":{"ngg_post_thumbnail":0,"footnotes":""},"class_list":["post-10864","page","type-page","status-publish","hentry"],"yoast_head":"<!-- This site is optimized with the Yoast SEO plugin v27.4 - https:\/\/yoast.com\/product\/yoast-seo-wordpress\/ -->\n<title>Contacto | Amateur Music Group Association<\/title>\n<meta name=\"robots\" content=\"index, follow, max-snippet:-1, max-image-preview:large, max-video-preview:-1\" \/>\n<link rel=\"canonical\" href=\"https:\/\/costablancamusicgroups.com\/es\/contacto\/\" \/>\n<meta property=\"og:locale\" content=\"es_ES\" \/>\n<meta property=\"og:type\" content=\"article\" \/>\n<meta property=\"og:title\" content=\"Contacto | Amateur Music Group Association\" \/>\n<meta property=\"og:description\" content=\"Contacto 965 063 254 info@costablancamusicgroups.com S\u00edguenos en Facebook Ponte en contacto P\u00f3ngase en contacto con nosotros si desea participar, contratarnos o recibir informaci\u00f3n sobre nuestros pr\u00f3ximos conciertos.\" \/>\n<meta property=\"og:url\" content=\"https:\/\/costablancamusicgroups.com\/es\/contacto\/\" \/>\n<meta property=\"og:site_name\" content=\"Amateur Music Group Association\" \/>\n<meta property=\"article:publisher\" content=\"https:\/\/www.facebook.com\/CostaBlancaMaleVoiceChoir\/\" \/>\n<meta property=\"article:modified_time\" content=\"2023-05-10T11:31:53+00:00\" \/>\n<meta name=\"twitter:card\" content=\"summary_large_image\" \/>\n<script type=\"application\/ld+json\" class=\"yoast-schema-graph\">{\"@context\":\"https:\\\/\\\/schema.org\",\"@graph\":[{\"@type\":\"WebPage\",\"@id\":\"https:\\\/\\\/costablancamusicgroups.com\\\/es\\\/contacto\\\/\",\"url\":\"https:\\\/\\\/costablancamusicgroups.com\\\/es\\\/contacto\\\/\",\"name\":\"Contacto | Amateur Music Group Association\",\"isPartOf\":{\"@id\":\"https:\\\/\\\/costablancamusicgroups.com\\\/es\\\/#website\"},\"datePublished\":\"2021-12-01T12:01:15+00:00\",\"dateModified\":\"2023-05-10T11:31:53+00:00\",\"breadcrumb\":{\"@id\":\"https:\\\/\\\/costablancamusicgroups.com\\\/es\\\/contacto\\\/#breadcrumb\"},\"inLanguage\":\"es\",\"potentialAction\":[{\"@type\":\"ReadAction\",\"target\":[\"https:\\\/\\\/costablancamusicgroups.com\\\/es\\\/contacto\\\/\"]}]},{\"@type\":\"BreadcrumbList\",\"@id\":\"https:\\\/\\\/costablancamusicgroups.com\\\/es\\\/contacto\\\/#breadcrumb\",\"itemListElement\":[{\"@type\":\"ListItem\",\"position\":1,\"name\":\"Home\",\"item\":\"https:\\\/\\\/costablancamusicgroups.com\\\/es\\\/inicio\\\/\"},{\"@type\":\"ListItem\",\"position\":2,\"name\":\"Contacto\"}]},{\"@type\":\"WebSite\",\"@id\":\"https:\\\/\\\/costablancamusicgroups.com\\\/es\\\/#website\",\"url\":\"https:\\\/\\\/costablancamusicgroups.com\\\/es\\\/\",\"name\":\"Amateur Music Group Association\",\"description\":\"Amateur Music Group Association\",\"publisher\":{\"@id\":\"https:\\\/\\\/costablancamusicgroups.com\\\/es\\\/#organization\"},\"potentialAction\":[{\"@type\":\"SearchAction\",\"target\":{\"@type\":\"EntryPoint\",\"urlTemplate\":\"https:\\\/\\\/costablancamusicgroups.com\\\/es\\\/?s={search_term_string}\"},\"query-input\":{\"@type\":\"PropertyValueSpecification\",\"valueRequired\":true,\"valueName\":\"search_term_string\"}}],\"inLanguage\":\"es\"},{\"@type\":\"Organization\",\"@id\":\"https:\\\/\\\/costablancamusicgroups.com\\\/es\\\/#organization\",\"name\":\"Costa Blanca Male Voice Choir\",\"url\":\"https:\\\/\\\/costablancamusicgroups.com\\\/es\\\/\",\"logo\":{\"@type\":\"ImageObject\",\"inLanguage\":\"es\",\"@id\":\"https:\\\/\\\/costablancamusicgroups.com\\\/es\\\/#\\\/schema\\\/logo\\\/image\\\/\",\"url\":\"https:\\\/\\\/costablancamusicgroups.com\\\/wp-content\\\/uploads\\\/2022\\\/03\\\/cropped-CBMVC-main-logo.png\",\"contentUrl\":\"https:\\\/\\\/costablancamusicgroups.com\\\/wp-content\\\/uploads\\\/2022\\\/03\\\/cropped-CBMVC-main-logo.png\",\"width\":512,\"height\":512,\"caption\":\"Costa Blanca Male Voice Choir\"},\"image\":{\"@id\":\"https:\\\/\\\/costablancamusicgroups.com\\\/es\\\/#\\\/schema\\\/logo\\\/image\\\/\"},\"sameAs\":[\"https:\\\/\\\/www.facebook.com\\\/CostaBlancaMaleVoiceChoir\\\/\",\"https:\\\/\\\/www.youtube.com\\\/channel\\\/UCMh5LZpNLPG1V4qYdMMr1Yw\"]}]}<\/script>\n<!-- \/ Yoast SEO plugin. -->","yoast_head_json":{"title":"Contacto | Amateur Music Group Association","robots":{"index":"index","follow":"follow","max-snippet":"max-snippet:-1","max-image-preview":"max-image-preview:large","max-video-preview":"max-video-preview:-1"},"canonical":"https:\/\/costablancamusicgroups.com\/es\/contacto\/","og_locale":"es_ES","og_type":"article","og_title":"Contacto | Amateur Music Group Association","og_description":"Contacto 965 063 254 info@costablancamusicgroups.com S\u00edguenos en Facebook Ponte en contacto P\u00f3ngase en contacto con nosotros si desea participar, contratarnos o recibir informaci\u00f3n sobre nuestros pr\u00f3ximos conciertos.","og_url":"https:\/\/costablancamusicgroups.com\/es\/contacto\/","og_site_name":"Amateur Music Group Association","article_publisher":"https:\/\/www.facebook.com\/CostaBlancaMaleVoiceChoir\/","article_modified_time":"2023-05-10T11:31:53+00:00","twitter_card":"summary_large_image","schema":{"@context":"https:\/\/schema.org","@graph":[{"@type":"WebPage","@id":"https:\/\/costablancamusicgroups.com\/es\/contacto\/","url":"https:\/\/costablancamusicgroups.com\/es\/contacto\/","name":"Contacto | Amateur Music Group Association","isPartOf":{"@id":"https:\/\/costablancamusicgroups.com\/es\/#website"},"datePublished":"2021-12-01T12:01:15+00:00","dateModified":"2023-05-10T11:31:53+00:00","breadcrumb":{"@id":"https:\/\/costablancamusicgroups.com\/es\/contacto\/#breadcrumb"},"inLanguage":"es","potentialAction":[{"@type":"ReadAction","target":["https:\/\/costablancamusicgroups.com\/es\/contacto\/"]}]},{"@type":"BreadcrumbList","@id":"https:\/\/costablancamusicgroups.com\/es\/contacto\/#breadcrumb","itemListElement":[{"@type":"ListItem","position":1,"name":"Home","item":"https:\/\/costablancamusicgroups.com\/es\/inicio\/"},{"@type":"ListItem","position":2,"name":"Contacto"}]},{"@type":"WebSite","@id":"https:\/\/costablancamusicgroups.com\/es\/#website","url":"https:\/\/costablancamusicgroups.com\/es\/","name":"Amateur Music Group Association","description":"Amateur Music Group Association","publisher":{"@id":"https:\/\/costablancamusicgroups.com\/es\/#organization"},"potentialAction":[{"@type":"SearchAction","target":{"@type":"EntryPoint","urlTemplate":"https:\/\/costablancamusicgroups.com\/es\/?s={search_term_string}"},"query-input":{"@type":"PropertyValueSpecification","valueRequired":true,"valueName":"search_term_string"}}],"inLanguage":"es"},{"@type":"Organization","@id":"https:\/\/costablancamusicgroups.com\/es\/#organization","name":"Costa Blanca Male Voice Choir","url":"https:\/\/costablancamusicgroups.com\/es\/","logo":{"@type":"ImageObject","inLanguage":"es","@id":"https:\/\/costablancamusicgroups.com\/es\/#\/schema\/logo\/image\/","url":"https:\/\/costablancamusicgroups.com\/wp-content\/uploads\/2022\/03\/cropped-CBMVC-main-logo.png","contentUrl":"https:\/\/costablancamusicgroups.com\/wp-content\/uploads\/2022\/03\/cropped-CBMVC-main-logo.png","width":512,"height":512,"caption":"Costa Blanca Male Voice Choir"},"image":{"@id":"https:\/\/costablancamusicgroups.com\/es\/#\/schema\/logo\/image\/"},"sameAs":["https:\/\/www.facebook.com\/CostaBlancaMaleVoiceChoir\/","https:\/\/www.youtube.com\/channel\/UCMh5LZpNLPG1V4qYdMMr1Yw"]}]}},"publishpress_future_action":{"enabled":false,"date":"2026-04-25 11:25:59","action":"change-status","newStatus":"draft","terms":[],"taxonomy":"translation_priority","extraData":[]},"publishpress_future_workflow_manual_trigger":{"enabledWorkflows":[]},"_links":{"self":[{"href":"https:\/\/costablancamusicgroups.com\/es\/wp-json\/wp\/v2\/pages\/10864","targetHints":{"allow":["GET"]}}],"collection":[{"href":"https:\/\/costablancamusicgroups.com\/es\/wp-json\/wp\/v2\/pages"}],"about":[{"href":"https:\/\/costablancamusicgroups.com\/es\/wp-json\/wp\/v2\/types\/page"}],"author":[{"embeddable":true,"href":"https:\/\/costablancamusicgroups.com\/es\/wp-json\/wp\/v2\/users\/1"}],"replies":[{"embeddable":true,"href":"https:\/\/costablancamusicgroups.com\/es\/wp-json\/wp\/v2\/comments?post=10864"}],"version-history":[{"count":7,"href":"https:\/\/costablancamusicgroups.com\/es\/wp-json\/wp\/v2\/pages\/10864\/revisions"}],"predecessor-version":[{"id":10969,"href":"https:\/\/costablancamusicgroups.com\/es\/wp-json\/wp\/v2\/pages\/10864\/revisions\/10969"}],"wp:attachment":[{"href":"https:\/\/costablancamusicgroups.com\/es\/wp-json\/wp\/v2\/media?parent=10864"}],"curies":[{"name":"wp","href":"https:\/\/api.w.org\/{rel}","templated":true}]}}